{"id":160,"date":"2024-02-18T00:56:46","date_gmt":"2024-02-17T23:56:46","guid":{"rendered":"https:\/\/fmtfabric.com\/?page_id=160"},"modified":"2026-01-08T14:56:04","modified_gmt":"2026-01-08T13:56:04","slug":"services","status":"publish","type":"page","link":"https:\/\/fmtfabric.com\/en\/services\/","title":{"rendered":"Nos services"},"content":{"rendered":"\t\t<div data-elementor-type=\"wp-page\" data-elementor-id=\"160\" class=\"elementor elementor-160\" data-elementor-post-type=\"page\">\n\t\t\t\t<div class=\"elementor-element elementor-element-8221eeb e-con-full e-flex e-con e-parent\" data-id=\"8221eeb\" data-element_type=\"container\" data-e-type=\"container\">\n\t\t<div class=\"elementor-element elementor-element-a18cad5 e-con-full e-flex e-con e-child\" data-id=\"a18cad5\" data-element_type=\"container\" data-e-type=\"container\">\n\t\t\t\t<div class=\"elementor-element elementor-element-a184c5e elementor-widget__width-initial elementor-widget-mobile__width-inherit elementor-hidden-tablet elementor-hidden-mobile elementor-widget elementor-widget-shortcode\" data-id=\"a184c5e\" data-element_type=\"widget\" data-e-type=\"widget\" data-widget_type=\"shortcode.default\">\n\t\t\t\t<div class=\"elementor-widget-container\">\n\t\t\t\t\t\t\t<div class=\"elementor-shortcode\"><nav aria-label=\"breadcrumbs\" class=\"rank-math-breadcrumb\"><p><span class=\"last\">Accueil<\/span><\/p><\/nav><\/div>\n\t\t\t\t\t\t<\/div>\n\t\t\t\t<\/div>\n\t\t\t\t<\/div>\n\t\t<div class=\"elementor-element elementor-element-15424c2 e-con-full e-flex e-con e-child\" data-id=\"15424c2\" data-element_type=\"container\" data-e-type=\"container\">\n\t\t\t\t<div class=\"elementor-element elementor-element-1ea054d elementor-align-right elementor-mobile-align-center elementor-widget__width-auto elementor-widget elementor-widget-button\" data-id=\"1ea054d\" data-element_type=\"widget\" data-e-type=\"widget\" data-widget_type=\"button.default\">\n\t\t\t\t<div class=\"elementor-widget-container\">\n\t\t\t\t\t\t\t\t\t<div class=\"elementor-button-wrapper\">\n\t\t\t\t\t<a class=\"elementor-button elementor-button-link elementor-size-sm\" href=\"https:\/\/fmtfabric.com\/nous-contacter\/\" target=\"_blank\">\n\t\t\t\t\t\t<span class=\"elementor-button-content-wrapper\">\n\t\t\t\t\t\t\t\t\t<span class=\"elementor-button-text\">Contact<\/span>\n\t\t\t\t\t<\/span>\n\t\t\t\t\t<\/a>\n\t\t\t\t<\/div>\n\t\t\t\t\t\t\t\t<\/div>\n\t\t\t\t<\/div>\n\t\t\t\t<\/div>\n\t\t\t\t<\/div>\n\t\t<div class=\"elementor-element elementor-element-caadc09 e-con-full e-flex e-con e-parent\" data-id=\"caadc09\" data-element_type=\"container\" data-e-type=\"container\" data-settings=\"{&quot;background_background&quot;:&quot;classic&quot;}\">\n\t\t<div class=\"elementor-element elementor-element-75d0c04 e-con-full e-flex e-con e-child\" data-id=\"75d0c04\" data-element_type=\"container\" data-e-type=\"container\" data-settings=\"{&quot;background_background&quot;:&quot;classic&quot;}\">\n\t\t\t\t<div class=\"elementor-element elementor-element-9468625 elementor-widget elementor-widget-heading\" data-id=\"9468625\" data-element_type=\"widget\" data-e-type=\"widget\" data-widget_type=\"heading.default\">\n\t\t\t\t<div class=\"elementor-widget-container\">\n\t\t\t\t\t<h1 class=\"elementor-heading-title elementor-size-default\">Oreillers &amp; Traversins<\/h1>\t\t\t\t<\/div>\n\t\t\t\t<\/div>\n\t\t\t\t<\/div>\n\t\t\t\t<\/div>\n\t\t<div class=\"elementor-element elementor-element-fe225a0 e-con-full e-flex e-con e-parent\" data-id=\"fe225a0\" data-element_type=\"container\" data-e-type=\"container\" data-settings=\"{&quot;background_background&quot;:&quot;classic&quot;}\">\n\t\t<div class=\"elementor-element elementor-element-e6d424b e-con-full e-flex e-con e-child\" data-id=\"e6d424b\" data-element_type=\"container\" data-e-type=\"container\" data-settings=\"{&quot;background_background&quot;:&quot;classic&quot;}\">\n\t\t<div class=\"elementor-element elementor-element-7960c0e e-flex e-con-boxed e-con e-child\" data-id=\"7960c0e\" data-element_type=\"container\" data-e-type=\"container\" data-settings=\"{&quot;background_background&quot;:&quot;classic&quot;}\">\n\t\t\t\t\t<div class=\"e-con-inner\">\n\t\t\t\t<div class=\"elementor-element elementor-element-15ba321 elementor-widget elementor-widget-heading\" data-id=\"15ba321\" data-element_type=\"widget\" data-e-type=\"widget\" data-widget_type=\"heading.default\">\n\t\t\t\t<div class=\"elementor-widget-container\">\n\t\t\t\t\t<h2 class=\"elementor-heading-title elementor-size-default\">Fabrication sur-mesure<\/h2>\t\t\t\t<\/div>\n\t\t\t\t<\/div>\n\t\t\t\t\t<\/div>\n\t\t\t\t<\/div>\n\t\t\t\t<div class=\"elementor-element elementor-element-3c3f87c elementor-widget elementor-widget-text-editor\" data-id=\"3c3f87c\" data-element_type=\"widget\" data-e-type=\"widget\" data-widget_type=\"text-editor.default\">\n\t\t\t\t<div class=\"elementor-widget-container\">\n\t\t\t\t\t\t\t\t\t<p>En tant que fabricant expert, <strong>FMT Fabric<\/strong> excelle dans la conception sur mesure de <a href=\"https:\/\/fmtfabric.com\/literie\/\" target=\"_blank\" rel=\"noopener\">literie<\/a> et de <a href=\"https:\/\/fmtfabric.com\/decoration\/\" target=\"_blank\" rel=\"noopener\">linge de maison<\/a>, r\u00e9pondant pr\u00e9cis\u00e9ment \u00e0 vos attentes.<\/p><p>Nous transformons vos id\u00e9es en r\u00e9alit\u00e9, en cr\u00e9ant des produits personnalis\u00e9s qui allient confort, esth\u00e9tique et qualit\u00e9.<\/p><p>Notre processus d\u00e9bute par l&rsquo;\u00e9coute de vos besoins, que ce soit pour des <strong>couettes sur mesure<\/strong>, des <strong>oreillers ergonomiques<\/strong>, ou des <strong>draps housse<\/strong> parfaitement ajust\u00e9s.<\/p><p>Nous s\u00e9lectionnons des <a href=\"https:\/\/fmtfabric.com\/matieres-et-tissus\/\" target=\"_blank\" rel=\"noopener\">mati\u00e8res et tissus haut de gamme<\/a> pour chaque pi\u00e8ce, garantissant une satisfaction qui d\u00e9passe vos attentes.<\/p><p>Que votre projet concerne une nouvelle literie ou un ensemble de linge de maison coordonn\u00e9, notre expertise de fabricant assure une r\u00e9alisation sans faille.<\/p>\t\t\t\t\t\t\t\t<\/div>\n\t\t\t\t<\/div>\n\t\t\t\t<\/div>\n\t\t<div class=\"elementor-element elementor-element-7d3b511 e-con-full e-flex e-con e-child\" data-id=\"7d3b511\" data-element_type=\"container\" data-e-type=\"container\" data-settings=\"{&quot;background_background&quot;:&quot;classic&quot;}\">\n\t\t<div class=\"elementor-element elementor-element-208600d e-flex e-con-boxed e-con e-child\" data-id=\"208600d\" data-element_type=\"container\" data-e-type=\"container\" data-settings=\"{&quot;background_background&quot;:&quot;classic&quot;}\">\n\t\t\t\t\t<div class=\"e-con-inner\">\n\t\t\t\t<div class=\"elementor-element elementor-element-d00db63 elementor-widget elementor-widget-heading\" data-id=\"d00db63\" data-element_type=\"widget\" data-e-type=\"widget\" data-widget_type=\"heading.default\">\n\t\t\t\t<div class=\"elementor-widget-container\">\n\t\t\t\t\t<h2 class=\"elementor-heading-title elementor-size-default\">Matelassage<\/h2>\t\t\t\t<\/div>\n\t\t\t\t<\/div>\n\t\t\t\t\t<\/div>\n\t\t\t\t<\/div>\n\t\t\t\t<div class=\"elementor-element elementor-element-44480df elementor-widget elementor-widget-text-editor\" data-id=\"44480df\" data-element_type=\"widget\" data-e-type=\"widget\" data-widget_type=\"text-editor.default\">\n\t\t\t\t<div class=\"elementor-widget-container\">\n\t\t\t\t\t\t\t\t\t<p><strong>FMT Fabric<\/strong> excelle dans l&rsquo;art du <strong>matelassage<\/strong>, une technique essentielle pour ajouter confort et esth\u00e9tique \u00e0 la literie et au linge de maison.<\/p><p>Notre ma\u00eetrise des <strong>motifs de matelassage<\/strong> et notre s\u00e9lection rigoureuse de <strong>ouate pour matelassage<\/strong> garantissent des produits finis de haute qualit\u00e9, alliant douceur et durabilit\u00e9.<\/p><p>Nous explorons divers <strong>types de matelassage<\/strong> pour r\u00e9pondre aux besoins sp\u00e9cifiques de nos clients, en utilisant des techniques de pointe pour assurer une finition impeccable.<\/p><p>Que ce soit pour des couettes, des oreillers ou d&rsquo;autres \u00e9l\u00e9ments de literie, notre <strong>ouate matelassage<\/strong> est choisie pour son excellente capacit\u00e9 d&rsquo;isolation et sa douceur in\u00e9gal\u00e9e.<\/p><p>Le <strong>matelassage de tissus<\/strong>\u00a0n&rsquo;est pas seulement fonctionnel ; il est \u00e9galement con\u00e7u pour embellir chaque pi\u00e8ce avec des motifs \u00e9l\u00e9gants.<\/p><p>\u00a0<\/p>\t\t\t\t\t\t\t\t<\/div>\n\t\t\t\t<\/div>\n\t\t\t\t<\/div>\n\t\t\t\t<\/div>\n\t\t<div class=\"elementor-element elementor-element-46a7c85 e-con-full e-flex e-con e-parent\" data-id=\"46a7c85\" data-element_type=\"container\" data-e-type=\"container\">\n\t\t<div class=\"elementor-element elementor-element-268fdd4 e-con-full e-flex e-con e-child\" data-id=\"268fdd4\" data-element_type=\"container\" data-e-type=\"container\" data-settings=\"{&quot;background_background&quot;:&quot;classic&quot;}\">\n\t\t<div class=\"elementor-element elementor-element-ebde4a2 e-flex e-con-boxed e-con e-child\" data-id=\"ebde4a2\" data-element_type=\"container\" data-e-type=\"container\" data-settings=\"{&quot;background_background&quot;:&quot;classic&quot;}\">\n\t\t\t\t\t<div class=\"e-con-inner\">\n\t\t\t\t<div class=\"elementor-element elementor-element-e27c224 elementor-widget elementor-widget-heading\" data-id=\"e27c224\" data-element_type=\"widget\" data-e-type=\"widget\" data-widget_type=\"heading.default\">\n\t\t\t\t<div class=\"elementor-widget-container\">\n\t\t\t\t\t<h2 class=\"elementor-heading-title elementor-size-default\">Travail \u00e0 fa\u00e7on<\/h2>\t\t\t\t<\/div>\n\t\t\t\t<\/div>\n\t\t\t\t\t<\/div>\n\t\t\t\t<\/div>\n\t\t\t\t<div class=\"elementor-element elementor-element-ae9e38d elementor-widget elementor-widget-text-editor\" data-id=\"ae9e38d\" data-element_type=\"widget\" data-e-type=\"widget\" data-widget_type=\"text-editor.default\">\n\t\t\t\t<div class=\"elementor-widget-container\">\n\t\t\t\t\t\t\t\t\t<p>Le <strong>travail \u00e0 fa\u00e7on<\/strong> chez <strong>FMT Fabric<\/strong> r\u00e9pond \u00e0 une demande sp\u00e9cifique de personnalisation et de flexibilit\u00e9 dans la fabrication de literie et de linge de maison.<\/p>\n<p>Cette approche sur mesure permet \u00e0 nos clients de fournir leur propre mati\u00e8re premi\u00e8re, compl\u00e8te ou partielle, pour que nous puissions ensuite proc\u00e9der \u00e0 la coupe, la confection, le matelassage, le repassage, le pliage, et le conditionnement selon leurs besoins pr\u00e9cis.<\/p>\n<p><strong><u>Qu&rsquo;est-ce que le travail \u00e0 fa\u00e7on ?<\/u><\/strong><\/p>\n<p>C&rsquo;est une collaboration \u00e9troite entre vous et <strong>FMT Fabric<\/strong>, o\u00f9 votre vision devient notre mission.<\/p>\n<p>Notre service de <strong>travail \u00e0 fa\u00e7on<\/strong> est id\u00e9al pour ceux qui cherchent \u00e0 personnaliser int\u00e9gralement leurs articles de literie et de linge de maison, en b\u00e9n\u00e9ficiant de l&rsquo;expertise et de la qualit\u00e9 de fabrication de <strong>FMT Fabric<\/strong>.&nbsp;<\/p>\t\t\t\t\t\t\t\t<\/div>\n\t\t\t\t<\/div>\n\t\t\t\t<\/div>\n\t\t<div class=\"elementor-element elementor-element-054c4d5 e-con-full e-flex e-con e-child\" data-id=\"054c4d5\" data-element_type=\"container\" data-e-type=\"container\" data-settings=\"{&quot;background_background&quot;:&quot;classic&quot;}\">\n\t\t<div class=\"elementor-element elementor-element-7aea231 e-flex e-con-boxed e-con e-child\" data-id=\"7aea231\" data-element_type=\"container\" data-e-type=\"container\" data-settings=\"{&quot;background_background&quot;:&quot;classic&quot;}\">\n\t\t\t\t\t<div class=\"e-con-inner\">\n\t\t\t\t<div class=\"elementor-element elementor-element-20b3af7 elementor-widget elementor-widget-heading\" data-id=\"20b3af7\" data-element_type=\"widget\" data-e-type=\"widget\" data-widget_type=\"heading.default\">\n\t\t\t\t<div class=\"elementor-widget-container\">\n\t\t\t\t\t<h2 class=\"elementor-heading-title elementor-size-default\">Exclusivit\u00e9<\/h2>\t\t\t\t<\/div>\n\t\t\t\t<\/div>\n\t\t\t\t\t<\/div>\n\t\t\t\t<\/div>\n\t\t\t\t<div class=\"elementor-element elementor-element-c7378b0 elementor-widget elementor-widget-text-editor\" data-id=\"c7378b0\" data-element_type=\"widget\" data-e-type=\"widget\" data-widget_type=\"text-editor.default\">\n\t\t\t\t<div class=\"elementor-widget-container\">\n\t\t\t\t\t\t\t\t\t<p>Chez <strong>FMT Fabric<\/strong>, nous comprenons l&rsquo;importance de se d\u00e9marquer sur le march\u00e9 gr\u00e2ce \u00e0 des produits uniques. C&rsquo;est pourquoi nous offrons un service d&rsquo;<strong>exclusivit\u00e9<\/strong> sur nos collections de literie et de linge de maison, garantissant que les mod\u00e8les et motifs que vous choisissez restent propres \u00e0 votre marque.<\/p><p>Nous nous engageons \u00e0 travailler en \u00e9troite collaboration avec vous pour s&rsquo;assurer que nos cr\u00e9ations correspondent parfaitement \u00e0 votre strat\u00e9gie commerciale.<\/p><p>Nos mat\u00e9riaux choisis avec soin, ainsi que notre savoir-faire, assurent que chaque article sortant de nos ateliers contribue \u00e0 l&rsquo;unicit\u00e9 de votre offre.<\/p><p>Nous nous engageons \u00e0 un \u00e9coulement fluide de la marchandise, garantissant une satisfaction tant pour vous que pour vos clients.\u00a0<\/p><p><strong>FMT Fabric<\/strong> est votre partenaire id\u00e9al pour des collections exclusives qui feront la diff\u00e9rence.<\/p>\t\t\t\t\t\t\t\t<\/div>\n\t\t\t\t<\/div>\n\t\t\t\t<\/div>\n\t\t\t\t<\/div>\n\t\t<div class=\"elementor-element elementor-element-068f028 e-flex e-con-boxed e-con e-parent\" data-id=\"068f028\" data-element_type=\"container\" data-e-type=\"container\" data-settings=\"{&quot;background_background&quot;:&quot;classic&quot;}\">\n\t\t\t\t\t<div class=\"e-con-inner\">\n\t\t\t\t<div class=\"elementor-element elementor-element-fbee597 elementor-widget elementor-widget-text-editor\" data-id=\"fbee597\" data-element_type=\"widget\" data-e-type=\"widget\" data-widget_type=\"text-editor.default\">\n\t\t\t\t<div class=\"elementor-widget-container\">\n\t\t\t\t\t\t\t\t\t<div class=\"react-scroll-to-bottom--css-tdpcy-1n7m0yu\"><div class=\"flex flex-col text-sm pb-9\"><div class=\"w-full text-token-text-primary sm:AIPRM__conversation__response\" data-testid=\"conversation-turn-57\"><div class=\"px-4 py-2 justify-center text-base md:gap-6 m-auto\"><div class=\"flex flex-1 text-base mx-auto gap-3 md:px-5 lg:px-1 xl:px-5 md:max-w-3xl lg:max-w-[40rem] xl:max-w-[48rem] group final-completion\"><div class=\"relative flex w-full flex-col agent-turn\"><div class=\"flex-col gap-1 md:gap-3\"><div class=\"flex flex-grow flex-col max-w-full\"><div class=\"min-h-[20px] text-message flex flex-col items-start gap-3 whitespace-pre-wrap break-words [.text-message+&amp;]:mt-5 overflow-x-auto\" data-message-author-role=\"assistant\" data-message-id=\"2804fe07-9a0f-487d-ad72-fb0205bc185f\"><div class=\"markdown prose w-full break-words dark:prose-invert light AIPRM__conversation__response\"><p><a href=\"https:\/\/fmtfabric.com\/\"><strong>FMT Fabric<\/strong><\/a> s&rsquo;impose comme le partenaire id\u00e9al pour tous vos besoins en <strong>fabrication de literie et linge de maison<\/strong>.<\/p><p>Notre expertise, alli\u00e9e \u00e0 une approche personnalis\u00e9e, garantit des produits de haute qualit\u00e9 qui allient confort et esth\u00e9tique.<\/p><p>D\u00e9couvrez <strong><span style=\"text-decoration: underline;\"><a href=\"https:\/\/fmtfabric.com\/identite\/\">qui nous sommes<\/a><\/span><\/strong>, <a href=\"https:\/\/fmtfabric.com\/notre-expertise\/\"><span style=\"text-decoration: underline;\"><strong>notre <\/strong><\/span><span style=\"text-decoration: underline;\"><strong>expertise<\/strong><\/span><\/a> et <span style=\"text-decoration: underline;\"><strong><a href=\"https:\/\/fmtfabric.com\/nous-contacter\/\" target=\"_new\">contactez-nous<\/a><\/strong><\/span> pour concr\u00e9tiser vos projets.<\/p><\/div><\/div><\/div><\/div><\/div><\/div><\/div><\/div><\/div><\/div>\t\t\t\t\t\t\t\t<\/div>\n\t\t\t\t<\/div>\n\t\t\t\t<div class=\"elementor-element elementor-element-99060cc elementor-align-center elementor-mobile-align-center elementor-widget__width-inherit elementor-widget elementor-widget-button\" data-id=\"99060cc\" data-element_type=\"widget\" data-e-type=\"widget\" data-widget_type=\"button.default\">\n\t\t\t\t<div class=\"elementor-widget-container\">\n\t\t\t\t\t\t\t\t\t<div class=\"elementor-button-wrapper\">\n\t\t\t\t\t<a class=\"elementor-button elementor-button-link elementor-size-sm\" href=\"https:\/\/fmtfabric.com\/nous-contacter\/\" target=\"_blank\">\n\t\t\t\t\t\t<span class=\"elementor-button-content-wrapper\">\n\t\t\t\t\t\t\t\t\t<span class=\"elementor-button-text\">Nous contacter<\/span>\n\t\t\t\t\t<\/span>\n\t\t\t\t\t<\/a>\n\t\t\t\t<\/div>\n\t\t\t\t\t\t\t\t<\/div>\n\t\t\t\t<\/div>\n\t\t\t\t\t<\/div>\n\t\t\t\t<\/div>\n\t\t\t\t<\/div>\n\t\t","protected":false},"excerpt":{"rendered":"<p>Contact Oreillers &amp; Traversins Fabrication sur-mesure En tant que fabricant expert, FMT Fabric excelle dans la conception sur mesure de literie et de linge de maison, r\u00e9pondant pr\u00e9cis\u00e9ment \u00e0 vos attentes. Nous transformons vos id\u00e9es en r\u00e9alit\u00e9, en cr\u00e9ant des produits personnalis\u00e9s qui allient confort, esth\u00e9tique et qualit\u00e9. Notre processus d\u00e9bute par l&rsquo;\u00e9coute de vos [&hellip;]<\/p>\n","protected":false},"author":1,"featured_media":0,"parent":0,"menu_order":0,"comment_status":"closed","ping_status":"closed","template":"elementor_header_footer","meta":{"footnotes":""},"class_list":["post-160","page","type-page","status-publish","hentry"],"_links":{"self":[{"href":"https:\/\/fmtfabric.com\/en\/wp-json\/wp\/v2\/pages\/160","targetHints":{"allow":["GET"]}}],"collection":[{"href":"https:\/\/fmtfabric.com\/en\/wp-json\/wp\/v2\/pages"}],"about":[{"href":"https:\/\/fmtfabric.com\/en\/wp-json\/wp\/v2\/types\/page"}],"author":[{"embeddable":true,"href":"https:\/\/fmtfabric.com\/en\/wp-json\/wp\/v2\/users\/1"}],"replies":[{"embeddable":true,"href":"https:\/\/fmtfabric.com\/en\/wp-json\/wp\/v2\/comments?post=160"}],"version-history":[{"count":48,"href":"https:\/\/fmtfabric.com\/en\/wp-json\/wp\/v2\/pages\/160\/revisions"}],"predecessor-version":[{"id":2334,"href":"https:\/\/fmtfabric.com\/en\/wp-json\/wp\/v2\/pages\/160\/revisions\/2334"}],"wp:attachment":[{"href":"https:\/\/fmtfabric.com\/en\/wp-json\/wp\/v2\/media?parent=160"}],"curies":[{"name":"wp","href":"https:\/\/api.w.org\/{rel}","templated":true}]}}