{"id":164,"date":"2024-02-18T00:55:43","date_gmt":"2024-02-17T23:55:43","guid":{"rendered":"https:\/\/fmtfabric.com\/?page_id=164"},"modified":"2026-01-08T15:10:56","modified_gmt":"2026-01-08T14:10:56","slug":"plumes-duvet","status":"publish","type":"page","link":"https:\/\/fmtfabric.com\/en\/plumes-duvet\/","title":{"rendered":"Plumes &#038; duvets"},"content":{"rendered":"<div data-elementor-type=\"wp-page\" data-elementor-id=\"164\" class=\"elementor elementor-164\" data-elementor-post-type=\"page\">\n\t\t\t\t<div class=\"elementor-element elementor-element-ed3649d e-con-full e-flex e-con e-parent\" data-id=\"ed3649d\" data-element_type=\"container\" data-e-type=\"container\">\n\t\t<div class=\"elementor-element elementor-element-9519f0f e-con-full e-flex e-con e-child\" data-id=\"9519f0f\" data-element_type=\"container\" data-e-type=\"container\">\n\t\t\t\t<div class=\"elementor-element elementor-element-7d51620 elementor-widget__width-initial elementor-widget-mobile__width-inherit elementor-hidden-tablet elementor-hidden-mobile elementor-widget elementor-widget-shortcode\" data-id=\"7d51620\" data-element_type=\"widget\" data-e-type=\"widget\" data-widget_type=\"shortcode.default\">\n\t\t\t\t<div class=\"elementor-widget-container\">\n\t\t\t\t\t\t\t<div class=\"elementor-shortcode\"><nav aria-label=\"breadcrumbs\" class=\"rank-math-breadcrumb\"><p><span class=\"last\">Accueil<\/span><\/p><\/nav><\/div>\n\t\t\t\t\t\t<\/div>\n\t\t\t\t<\/div>\n\t\t\t\t<\/div>\n\t\t<div class=\"elementor-element elementor-element-7d57db2 e-con-full e-flex e-con e-child\" data-id=\"7d57db2\" data-element_type=\"container\" data-e-type=\"container\">\n\t\t\t\t<div class=\"elementor-element elementor-element-cc8e579 elementor-align-right elementor-mobile-align-center elementor-widget__width-auto elementor-widget elementor-widget-button\" data-id=\"cc8e579\" data-element_type=\"widget\" data-e-type=\"widget\" data-widget_type=\"button.default\">\n\t\t\t\t<div class=\"elementor-widget-container\">\n\t\t\t\t\t\t\t\t\t<div class=\"elementor-button-wrapper\">\n\t\t\t\t\t<a class=\"elementor-button elementor-button-link elementor-size-sm\" href=\"https:\/\/fmtfabric.com\/en\/nous-contacter\/\" target=\"_blank\">\n\t\t\t\t\t\t<span class=\"elementor-button-content-wrapper\">\n\t\t\t\t\t\t\t\t\t<span class=\"elementor-button-text\">Contact<\/span>\n\t\t\t\t\t<\/span>\n\t\t\t\t\t<\/a>\n\t\t\t\t<\/div>\n\t\t\t\t\t\t\t\t<\/div>\n\t\t\t\t<\/div>\n\t\t\t\t<\/div>\n\t\t\t\t<\/div>\n\t\t<div class=\"elementor-element elementor-element-62280dba e-con-full e-flex e-con e-parent\" data-id=\"62280dba\" data-element_type=\"container\" data-e-type=\"container\" data-settings=\"{&quot;background_background&quot;:&quot;classic&quot;}\">\n\t\t<div class=\"elementor-element elementor-element-7b2e2f3 e-con-full e-flex e-con e-child\" data-id=\"7b2e2f3\" data-element_type=\"container\" data-e-type=\"container\" data-settings=\"{&quot;background_background&quot;:&quot;classic&quot;}\">\n\t\t<div class=\"elementor-element elementor-element-6e8a9e09 e-con-full e-flex e-con e-child\" data-id=\"6e8a9e09\" data-element_type=\"container\" data-e-type=\"container\" data-settings=\"{&quot;background_background&quot;:&quot;classic&quot;}\">\n\t\t\t\t<div class=\"elementor-element elementor-element-1087357f elementor-widget elementor-widget-heading\" data-id=\"1087357f\" data-element_type=\"widget\" data-e-type=\"widget\" data-widget_type=\"heading.default\">\n\t\t\t\t<div class=\"elementor-widget-container\">\n\t\t\t\t\t<h2 class=\"elementor-heading-title elementor-size-default\">Plume d'oie<\/h2>\t\t\t\t<\/div>\n\t\t\t\t<\/div>\n\t\t\t\t<\/div>\n\t\t\t\t<div class=\"elementor-element elementor-element-3832b2e elementor-widget elementor-widget-image\" data-id=\"3832b2e\" data-element_type=\"widget\" data-e-type=\"widget\" data-widget_type=\"image.default\">\n\t\t\t\t<div class=\"elementor-widget-container\">\n\t\t\t\t\t\t\t\t\t\t\t\t\t\t\t<img fetchpriority=\"high\" decoding=\"async\" width=\"1024\" height=\"683\" src=\"https:\/\/fmtfabric.com\/wp-content\/uploads\/2024\/02\/ChatGPT-Image-7-janv.-2026-13_07_50-1024x683.png\" class=\"attachment-large size-large wp-image-2172\" alt=\"\" srcset=\"https:\/\/fmtfabric.com\/wp-content\/uploads\/2024\/02\/ChatGPT-Image-7-janv.-2026-13_07_50-1024x683.png 1024w, https:\/\/fmtfabric.com\/wp-content\/uploads\/2024\/02\/ChatGPT-Image-7-janv.-2026-13_07_50-300x200.png 300w, https:\/\/fmtfabric.com\/wp-content\/uploads\/2024\/02\/ChatGPT-Image-7-janv.-2026-13_07_50-768x512.png 768w, https:\/\/fmtfabric.com\/wp-content\/uploads\/2024\/02\/ChatGPT-Image-7-janv.-2026-13_07_50-18x12.png 18w, https:\/\/fmtfabric.com\/wp-content\/uploads\/2024\/02\/ChatGPT-Image-7-janv.-2026-13_07_50.png 1536w\" sizes=\"(max-width: 1024px) 100vw, 1024px\" \/>\t\t\t\t\t\t\t\t\t\t\t\t\t\t\t<\/div>\n\t\t\t\t<\/div>\n\t\t\t\t<div class=\"elementor-element elementor-element-1ea2eb8a elementor-widget elementor-widget-text-editor\" data-id=\"1ea2eb8a\" data-element_type=\"widget\" data-e-type=\"widget\" data-widget_type=\"text-editor.default\">\n\t\t\t\t<div class=\"elementor-widget-container\">\n\t\t\t\t\t\t\t\t\t<p>La plume d&rsquo;oie est synonyme de luxe et de confort dans l&rsquo;univers de la literie, et FMT Fabric excelle dans la confection d&rsquo;articles haut de gamme utilisant ce garnissage prestigieux.<\/p>\n<p>Les plumes d&rsquo;oie s\u00e9lectionn\u00e9es par FMT Fabric sont connues pour leur douceur, leur l\u00e9g\u00e8ret\u00e9 et leur pouvoir gonflant exceptionnel, offrant une exp\u00e9rience de sommeil incomparable.<\/p>\t\t\t\t\t\t\t\t<\/div>\n\t\t\t\t<\/div>\n\t\t\t\t<\/div>\n\t\t<div class=\"elementor-element elementor-element-04b9b60 e-con-full e-flex e-con e-child\" data-id=\"04b9b60\" data-element_type=\"container\" data-e-type=\"container\" data-settings=\"{&quot;background_background&quot;:&quot;classic&quot;}\">\n\t\t<div class=\"elementor-element elementor-element-3c50ce5 e-con-full e-flex e-con e-child\" data-id=\"3c50ce5\" data-element_type=\"container\" data-e-type=\"container\" data-settings=\"{&quot;background_background&quot;:&quot;classic&quot;}\">\n\t\t\t\t<div class=\"elementor-element elementor-element-b9f3030 elementor-widget elementor-widget-heading\" data-id=\"b9f3030\" data-element_type=\"widget\" data-e-type=\"widget\" data-widget_type=\"heading.default\">\n\t\t\t\t<div class=\"elementor-widget-container\">\n\t\t\t\t\t<h2 class=\"elementor-heading-title elementor-size-default\">plume de canard<\/h2>\t\t\t\t<\/div>\n\t\t\t\t<\/div>\n\t\t\t\t<\/div>\n\t\t\t\t<div class=\"elementor-element elementor-element-57f365a elementor-widget elementor-widget-image\" data-id=\"57f365a\" data-element_type=\"widget\" data-e-type=\"widget\" data-widget_type=\"image.default\">\n\t\t\t\t<div class=\"elementor-widget-container\">\n\t\t\t\t\t\t\t\t\t\t\t\t\t\t\t<img decoding=\"async\" width=\"1024\" height=\"683\" src=\"https:\/\/fmtfabric.com\/wp-content\/uploads\/2024\/02\/ChatGPT-Image-7-janv.-2026-13_27_52-1024x683.png\" class=\"attachment-large size-large wp-image-2177\" alt=\"\" srcset=\"https:\/\/fmtfabric.com\/wp-content\/uploads\/2024\/02\/ChatGPT-Image-7-janv.-2026-13_27_52-1024x683.png 1024w, https:\/\/fmtfabric.com\/wp-content\/uploads\/2024\/02\/ChatGPT-Image-7-janv.-2026-13_27_52-300x200.png 300w, https:\/\/fmtfabric.com\/wp-content\/uploads\/2024\/02\/ChatGPT-Image-7-janv.-2026-13_27_52-768x512.png 768w, https:\/\/fmtfabric.com\/wp-content\/uploads\/2024\/02\/ChatGPT-Image-7-janv.-2026-13_27_52-18x12.png 18w, https:\/\/fmtfabric.com\/wp-content\/uploads\/2024\/02\/ChatGPT-Image-7-janv.-2026-13_27_52.png 1536w\" sizes=\"(max-width: 1024px) 100vw, 1024px\" \/>\t\t\t\t\t\t\t\t\t\t\t\t\t\t\t<\/div>\n\t\t\t\t<\/div>\n\t\t\t\t<div class=\"elementor-element elementor-element-933d5cf elementor-widget elementor-widget-text-editor\" data-id=\"933d5cf\" data-element_type=\"widget\" data-e-type=\"widget\" data-widget_type=\"text-editor.default\">\n\t\t\t\t<div class=\"elementor-widget-container\">\n\t\t\t\t\t\t\t\t\t<p>Les plumes de canard, reconnues pour leur capacit\u00e9 \u00e0 offrir chaleur et confort, sont au c\u0153ur de l&rsquo;offre de FMT Fabric en mati\u00e8re de literie de luxe.<\/p><p>Chez FMT Fabric, nous s\u00e9lectionnons rigoureusement nos plumes de canard pour garantir une qualit\u00e9 sup\u00e9rieure, avec un garnissage g\u00e9n\u00e9reux qui assure une isolation optimale et un soutien confortable.<\/p><p>\u00a0<\/p>\t\t\t\t\t\t\t\t<\/div>\n\t\t\t\t<\/div>\n\t\t\t\t<\/div>\n\t\t\t\t<\/div>\n\t\t<div class=\"elementor-element elementor-element-c3f4971 e-con-full e-flex e-con e-parent\" data-id=\"c3f4971\" data-element_type=\"container\" data-e-type=\"container\" data-settings=\"{&quot;background_background&quot;:&quot;classic&quot;}\">\n\t\t\t\t<div class=\"elementor-element elementor-element-fec2013 elementor-widget elementor-widget-heading\" data-id=\"fec2013\" data-element_type=\"widget\" data-e-type=\"widget\" data-widget_type=\"heading.default\">\n\t\t\t\t<div class=\"elementor-widget-container\">\n\t\t\t\t\t<h2 class=\"elementor-heading-title elementor-size-default\">Confort et Qualit\u00e9 : Nos Produits en Plume et Coton Satin\u00e9\n\n\n\n\n<\/h2>\t\t\t\t<\/div>\n\t\t\t\t<\/div>\n\t\t\t\t<div class=\"elementor-element elementor-element-e29be26 elementor-widget__width-inherit elementor-widget elementor-widget-text-editor\" data-id=\"e29be26\" data-element_type=\"widget\" data-e-type=\"widget\" data-widget_type=\"text-editor.default\">\n\t\t\t\t<div class=\"elementor-widget-container\">\n\t\t\t\t\t\t\t\t\t<p>Nos produits \u00e0 base de plume sont envelopp\u00e9s dans des tissus fins, principalement en coton satine 100%, pour une douceur et une respirabilit\u00e9 exceptionnelles.<\/p>\n<p>La fabrication de nos articles en plume respecte des standards \u00e9lev\u00e9s, avec un contr\u00f4le qualit\u00e9 strict pour maintenir une r\u00e9partition uniforme du garnissage et \u00e9viter tout tassement.<\/p>\n<p>FMT Fabric propose une gamme vari\u00e9e de tailles standards pour couettes et oreillers, r\u00e9pondant ainsi aux besoins de tous nos clients.<\/p>\n<p>Chaque article est trait\u00e9 avec notre solution PHYTOPURE\u00ae, assurant une protection naturelle contre les acariens et favorisant un environnement de sommeil sain.<\/p>\n<p>Nos produits en plume portent fi\u00e8rement le label Oeko-Tex Standard 100, attestant de leur s\u00e9curit\u00e9 et de leur qualit\u00e9 irr\u00e9prochable.<\/p>\t\t\t\t\t\t\t\t<\/div>\n\t\t\t\t<\/div>\n\t\t\t\t<div class=\"elementor-element elementor-element-0fd538f elementor-align-center elementor-widget elementor-widget-button\" data-id=\"0fd538f\" data-element_type=\"widget\" data-e-type=\"widget\" data-widget_type=\"button.default\">\n\t\t\t\t<div class=\"elementor-widget-container\">\n\t\t\t\t\t\t\t\t\t<div class=\"elementor-button-wrapper\">\n\t\t\t\t\t<a class=\"elementor-button elementor-button-link elementor-size-sm\" href=\"https:\/\/fmtfabric.com\/en\/nous-contacter\/\" target=\"_blank\">\n\t\t\t\t\t\t<span class=\"elementor-button-content-wrapper\">\n\t\t\t\t\t\t\t\t\t<span class=\"elementor-button-text\">Nous contacter<\/span>\n\t\t\t\t\t<\/span>\n\t\t\t\t\t<\/a>\n\t\t\t\t<\/div>\n\t\t\t\t\t\t\t\t<\/div>\n\t\t\t\t<\/div>\n\t\t\t\t<\/div>\n\t\t\t\t<\/div>","protected":false},"excerpt":{"rendered":"<p>Contact Plume d&rsquo;oie La plume d&rsquo;oie est synonyme de luxe et de confort dans l&rsquo;univers de la literie, et FMT Fabric excelle dans la confection d&rsquo;articles haut de gamme utilisant ce garnissage prestigieux. Les plumes d&rsquo;oie s\u00e9lectionn\u00e9es par FMT Fabric sont connues pour leur douceur, leur l\u00e9g\u00e8ret\u00e9 et leur pouvoir gonflant exceptionnel, offrant une exp\u00e9rience [&hellip;]<\/p>\n","protected":false},"author":1,"featured_media":0,"parent":0,"menu_order":0,"comment_status":"closed","ping_status":"closed","template":"elementor_header_footer","meta":{"footnotes":""},"class_list":["post-164","page","type-page","status-publish","hentry"],"_links":{"self":[{"href":"https:\/\/fmtfabric.com\/en\/wp-json\/wp\/v2\/pages\/164","targetHints":{"allow":["GET"]}}],"collection":[{"href":"https:\/\/fmtfabric.com\/en\/wp-json\/wp\/v2\/pages"}],"about":[{"href":"https:\/\/fmtfabric.com\/en\/wp-json\/wp\/v2\/types\/page"}],"author":[{"embeddable":true,"href":"https:\/\/fmtfabric.com\/en\/wp-json\/wp\/v2\/users\/1"}],"replies":[{"embeddable":true,"href":"https:\/\/fmtfabric.com\/en\/wp-json\/wp\/v2\/comments?post=164"}],"version-history":[{"count":43,"href":"https:\/\/fmtfabric.com\/en\/wp-json\/wp\/v2\/pages\/164\/revisions"}],"predecessor-version":[{"id":2352,"href":"https:\/\/fmtfabric.com\/en\/wp-json\/wp\/v2\/pages\/164\/revisions\/2352"}],"wp:attachment":[{"href":"https:\/\/fmtfabric.com\/en\/wp-json\/wp\/v2\/media?parent=164"}],"curies":[{"name":"wp","href":"https:\/\/api.w.org\/{rel}","templated":true}]}}