{"id":1998,"date":"2024-03-18T17:04:00","date_gmt":"2024-03-18T16:04:00","guid":{"rendered":"https:\/\/fmtfabric.com\/?page_id=1998"},"modified":"2024-07-27T13:37:27","modified_gmt":"2024-07-27T11:37:27","slug":"linge-de-lit-sur-mesure","status":"publish","type":"page","link":"https:\/\/fmtfabric.com\/en\/linge-de-lit-sur-mesure\/","title":{"rendered":"linge de lit sur mesure"},"content":{"rendered":"<div data-elementor-type=\"wp-page\" data-elementor-id=\"1998\" class=\"elementor elementor-1998\" data-elementor-post-type=\"page\">\n\t\t\t\t<div class=\"elementor-element elementor-element-4e518b7 e-con-full e-flex e-con e-parent\" data-id=\"4e518b7\" data-element_type=\"container\" data-e-type=\"container\" data-settings=\"{&quot;background_background&quot;:&quot;classic&quot;}\">\n\t\t<div class=\"elementor-element elementor-element-5c724f1 e-con-full e-flex e-con e-child\" data-id=\"5c724f1\" data-element_type=\"container\" data-e-type=\"container\">\n\t\t<div class=\"elementor-element elementor-element-2a55f2f e-con-full e-flex e-con e-child\" data-id=\"2a55f2f\" data-element_type=\"container\" data-e-type=\"container\">\n\t\t\t\t<div class=\"elementor-element elementor-element-5645f44 elementor-widget__width-initial elementor-widget-mobile__width-initial elementor-widget elementor-widget-shortcode\" data-id=\"5645f44\" data-element_type=\"widget\" data-e-type=\"widget\" data-widget_type=\"shortcode.default\">\n\t\t\t\t<div class=\"elementor-widget-container\">\n\t\t\t\t\t\t\t<div class=\"elementor-shortcode\"><nav aria-label=\"breadcrumbs\" class=\"rank-math-breadcrumb\"><p><span class=\"last\">Accueil<\/span><\/p><\/nav><\/div>\n\t\t\t\t\t\t<\/div>\n\t\t\t\t<\/div>\n\t\t\t\t<div class=\"elementor-element elementor-element-6c5d2c2 elementor-align-right elementor-mobile-align-center elementor-widget elementor-widget-button\" data-id=\"6c5d2c2\" data-element_type=\"widget\" data-e-type=\"widget\" data-widget_type=\"button.default\">\n\t\t\t\t<div class=\"elementor-widget-container\">\n\t\t\t\t\t\t\t\t\t<div class=\"elementor-button-wrapper\">\n\t\t\t\t\t<a class=\"elementor-button elementor-button-link elementor-size-sm\" href=\"https:\/\/fmtfabric.com\/en\/nous-contacter\/\" target=\"_blank\">\n\t\t\t\t\t\t<span class=\"elementor-button-content-wrapper\">\n\t\t\t\t\t\t\t\t\t<span class=\"elementor-button-text\">Contact<\/span>\n\t\t\t\t\t<\/span>\n\t\t\t\t\t<\/a>\n\t\t\t\t<\/div>\n\t\t\t\t\t\t\t\t<\/div>\n\t\t\t\t<\/div>\n\t\t\t\t<\/div>\n\t\t<div class=\"elementor-element elementor-element-bbc71b0 e-flex e-con-boxed e-con e-child\" data-id=\"bbc71b0\" data-element_type=\"container\" data-e-type=\"container\" data-settings=\"{&quot;background_background&quot;:&quot;classic&quot;}\">\n\t\t\t\t\t<div class=\"e-con-inner\">\n\t\t\t\t<div class=\"elementor-element elementor-element-60f9056 elementor-widget elementor-widget-heading\" data-id=\"60f9056\" data-element_type=\"widget\" data-e-type=\"widget\" data-widget_type=\"heading.default\">\n\t\t\t\t<div class=\"elementor-widget-container\">\n\t\t\t\t\t<h1 class=\"elementor-heading-title elementor-size-default\">linge de lit sur mesure<\/h1>\t\t\t\t<\/div>\n\t\t\t\t<\/div>\n\t\t\t\t\t<\/div>\n\t\t\t\t<\/div>\n\t\t\t\t<\/div>\n\t\t\t\t<\/div>\n\t\t<div class=\"elementor-element elementor-element-b292563 e-flex e-con-boxed e-con e-parent\" data-id=\"b292563\" data-element_type=\"container\" data-e-type=\"container\">\n\t\t\t\t\t<div class=\"e-con-inner\">\n\t\t<div class=\"elementor-element elementor-element-f0ca2af e-con-full e-flex e-con e-child\" data-id=\"f0ca2af\" data-element_type=\"container\" data-e-type=\"container\">\n\t\t\t\t<div class=\"elementor-element elementor-element-67711a6 elementor-widget elementor-widget-heading\" data-id=\"67711a6\" data-element_type=\"widget\" data-e-type=\"widget\" data-widget_type=\"heading.default\">\n\t\t\t\t<div class=\"elementor-widget-container\">\n\t\t\t\t\t<h2 class=\"elementor-heading-title elementor-size-default\">Nous fabriquons le linge de lit que vous imaginez<\/h2>\t\t\t\t<\/div>\n\t\t\t\t<\/div>\n\t\t\t\t<div class=\"elementor-element elementor-element-fce6701 elementor-widget elementor-widget-text-editor\" data-id=\"fce6701\" data-element_type=\"widget\" data-e-type=\"widget\" data-widget_type=\"text-editor.default\">\n\t\t\t\t<div class=\"elementor-widget-container\">\n\t\t\t\t\t\t\t\t\t<p>Parce que toutes les literies ne se ressemblent pas, il se pourrait que vous ayez besoin de linge de lit sur mesure. Pas de panique, nous avons la solution !<\/p>\t\t\t\t\t\t\t\t<\/div>\n\t\t\t\t<\/div>\n\t\t\t\t<\/div>\n\t\t\t\t\t<\/div>\n\t\t\t\t<\/div>\n\t\t<div class=\"elementor-element elementor-element-ec4c66b e-con-full e-flex e-con e-parent\" data-id=\"ec4c66b\" data-element_type=\"container\" data-e-type=\"container\">\n\t\t<div class=\"elementor-element elementor-element-f9184bc e-con-full e-flex e-con e-child\" data-id=\"f9184bc\" data-element_type=\"container\" data-e-type=\"container\">\n\t\t\t\t<div class=\"elementor-element elementor-element-cef3eb1 elementor-widget elementor-widget-heading\" data-id=\"cef3eb1\" data-element_type=\"widget\" data-e-type=\"widget\" data-widget_type=\"heading.default\">\n\t\t\t\t<div class=\"elementor-widget-container\">\n\t\t\t\t\t<h2 class=\"elementor-heading-title elementor-size-default\">Comment concr\u00e9tiser votre projet  ?<\/h2>\t\t\t\t<\/div>\n\t\t\t\t<\/div>\n\t\t\t\t<div class=\"elementor-element elementor-element-3b3e6c1 elementor-widget elementor-widget-text-editor\" data-id=\"3b3e6c1\" data-element_type=\"widget\" data-e-type=\"widget\" data-widget_type=\"text-editor.default\">\n\t\t\t\t<div class=\"elementor-widget-container\">\n\t\t\t\t\t\t\t\t\t<p>En tant que fabricant linge de maison et literie sp\u00e9cialis\u00e9, nous sommes en mesure de fabriquer, dans toutes les tailles !\u00a0<\/p>\t\t\t\t\t\t\t\t<\/div>\n\t\t\t\t<\/div>\n\t\t\t\t<div class=\"elementor-element elementor-element-20151fa elementor-widget elementor-widget-text-editor\" data-id=\"20151fa\" data-element_type=\"widget\" data-e-type=\"widget\" data-widget_type=\"text-editor.default\">\n\t\t\t\t<div class=\"elementor-widget-container\">\n\t\t\t\t\t\t\t\t\t<p>Parce que toutes les literies ne se ressemblent pas, il se pourrait que vous ayez besoin de linge de lit sur mesure. Pas de panique, nous avons la solution !<\/p>\t\t\t\t\t\t\t\t<\/div>\n\t\t\t\t<\/div>\n\t\t\t\t<div class=\"elementor-element elementor-element-8bee51b elementor-widget elementor-widget-text-editor\" data-id=\"8bee51b\" data-element_type=\"widget\" data-e-type=\"widget\" data-widget_type=\"text-editor.default\">\n\t\t\t\t<div class=\"elementor-widget-container\">\n\t\t\t\t\t\t\t\t\t<p><strong>Contactez-nous :<\/strong><\/p><p>Expliquez-nous vos besoins en linge de lit sur mesure, que vous soyez un professionnel \u00e0 la recherche de linge de lit pour votre h\u00f4tel ou tout simplement un particulier exigeant.<\/p><p><strong>D\u00e9terminez ensemble :<\/strong><\/p><p>Nous discutons ensemble pour trouver la meilleure solution qui corresponde parfaitement \u00e0 vos attentes en termes de qualit\u00e9, de taille et de style.<\/p><p><strong>Choisissez et validez :<\/strong><\/p><p>S\u00e9lectionnez la mati\u00e8re et le coloris qui vous conviennent le mieux parmi notre vaste s\u00e9lection de tissus haut de gamme, puis validez votre commande en toute confiance.<\/p><p>Nous pouvons aussi fabriquer un linge de lit \u00e0 partir de vos tissus.<\/p><p><strong>Recevez vos merveilles :<\/strong><\/p><p>Vous recevrez chez vous vos merveilleux draps sur mesure, pr\u00eats \u00e0 sublimer votre espace de sommeil.<\/p>\t\t\t\t\t\t\t\t<\/div>\n\t\t\t\t<\/div>\n\t\t\t\t<\/div>\n\t\t<div class=\"elementor-element elementor-element-e2778fe e-con-full e-flex e-con e-child\" data-id=\"e2778fe\" data-element_type=\"container\" data-e-type=\"container\" data-settings=\"{&quot;background_background&quot;:&quot;classic&quot;}\">\n\t\t\t\t<\/div>\n\t\t\t\t<\/div>\n\t\t<div class=\"elementor-element elementor-element-7e31401 e-con-full e-flex e-con e-parent\" data-id=\"7e31401\" data-element_type=\"container\" data-e-type=\"container\">\n\t\t<div class=\"elementor-element elementor-element-97da3d5 e-con-full e-flex e-con e-child\" data-id=\"97da3d5\" data-element_type=\"container\" data-e-type=\"container\">\n\t\t\t\t<div class=\"elementor-element elementor-element-d49cfaf elementor-widget elementor-widget-text-editor\" data-id=\"d49cfaf\" data-element_type=\"widget\" data-e-type=\"widget\" data-widget_type=\"text-editor.default\">\n\t\t\t\t<div class=\"elementor-widget-container\">\n\t\t\t\t\t\t\t\t\t<p>Pour en savoir plus sur nos produits et services, n&rsquo;h\u00e9sitez pas \u00e0 nous contacter ou \u00e0 consulter nos pages d\u00e9di\u00e9es :<\/p><ul><li><a href=\"https:\/\/fmtfabric.com\/en\/literie\/\" target=\"_new\">Fabricant de literie<\/a><\/li><li><a href=\"https:\/\/fmtfabric.com\/en\/matieres-et-tissus\/\" target=\"_new\">Mati\u00e8res &amp; tissus<\/a><\/li><li><a href=\"https:\/\/fmtfabric.com\/en\/plumes-duvet\/\" target=\"_new\">Plumes et duvets<\/a><\/li><li><a href=\"https:\/\/fmtfabric.com\/en\/decoration\/\" target=\"_new\">Linge de maison &amp; d\u00e9co<\/a><\/li><\/ul>\t\t\t\t\t\t\t\t<\/div>\n\t\t\t\t<\/div>\n\t\t\t\t<\/div>\n\t\t\t\t<\/div>\n\t\t\t\t<\/div>","protected":false},"excerpt":{"rendered":"<p>Contact linge de lit sur mesure Nous fabriquons le linge de lit que vous imaginez Parce que toutes les literies ne se ressemblent pas, il se pourrait que vous ayez besoin de linge de lit sur mesure. Pas de panique, nous avons la solution ! Comment concr\u00e9tiser votre projet ? En tant que fabricant linge [&hellip;]<\/p>\n","protected":false},"author":1,"featured_media":0,"parent":0,"menu_order":0,"comment_status":"closed","ping_status":"closed","template":"elementor_header_footer","meta":{"footnotes":""},"class_list":["post-1998","page","type-page","status-publish","hentry"],"_links":{"self":[{"href":"https:\/\/fmtfabric.com\/en\/wp-json\/wp\/v2\/pages\/1998","targetHints":{"allow":["GET"]}}],"collection":[{"href":"https:\/\/fmtfabric.com\/en\/wp-json\/wp\/v2\/pages"}],"about":[{"href":"https:\/\/fmtfabric.com\/en\/wp-json\/wp\/v2\/types\/page"}],"author":[{"embeddable":true,"href":"https:\/\/fmtfabric.com\/en\/wp-json\/wp\/v2\/users\/1"}],"replies":[{"embeddable":true,"href":"https:\/\/fmtfabric.com\/en\/wp-json\/wp\/v2\/comments?post=1998"}],"version-history":[{"count":25,"href":"https:\/\/fmtfabric.com\/en\/wp-json\/wp\/v2\/pages\/1998\/revisions"}],"predecessor-version":[{"id":2051,"href":"https:\/\/fmtfabric.com\/en\/wp-json\/wp\/v2\/pages\/1998\/revisions\/2051"}],"wp:attachment":[{"href":"https:\/\/fmtfabric.com\/en\/wp-json\/wp\/v2\/media?parent=1998"}],"curies":[{"name":"wp","href":"https:\/\/api.w.org\/{rel}","templated":true}]}}