{"id":602,"date":"2024-02-18T16:16:34","date_gmt":"2024-02-18T15:16:34","guid":{"rendered":"https:\/\/fmtfabric.com\/?page_id=602"},"modified":"2024-07-27T14:00:50","modified_gmt":"2024-07-27T12:00:50","slug":"matieres-et-tissus","status":"publish","type":"page","link":"https:\/\/fmtfabric.com\/en\/matieres-et-tissus\/","title":{"rendered":"Matieres et tissus"},"content":{"rendered":"<div data-elementor-type=\"wp-page\" data-elementor-id=\"602\" class=\"elementor elementor-602\" data-elementor-post-type=\"page\">\n\t\t\t\t<div class=\"elementor-element elementor-element-4b7f483 e-con-full e-flex e-con e-parent\" data-id=\"4b7f483\" data-element_type=\"container\" data-e-type=\"container\" data-settings=\"{&quot;background_background&quot;:&quot;classic&quot;}\">\n\t\t<div class=\"elementor-element elementor-element-8015266 e-con-full elementor-hidden-tablet elementor-hidden-mobile e-flex e-con e-child\" data-id=\"8015266\" data-element_type=\"container\" data-e-type=\"container\" data-settings=\"{&quot;background_background&quot;:&quot;classic&quot;}\">\n\t\t\t\t<div class=\"elementor-element elementor-element-ee540a4 elementor-widget elementor-widget-sidebar\" data-id=\"ee540a4\" data-element_type=\"widget\" data-e-type=\"widget\" data-widget_type=\"sidebar.default\">\n\t\t\t\t<div class=\"elementor-widget-container\">\n\t\t\t\t\t<div class=\"textwidget custom-html-widget\"><a\t href=\"https:\/\/fmtfabric.com\/en\/matieres-et-tissus\/matieres-naturelles\/\">Mati\u00e8res naturelles<\/a>\r\n<br>\r\n<a\t href=\"https:\/\/fmtfabric.com\/en\/matieres-et-tissus\/matieres-synthetiques\/\">Mati\u00e8res synth\u00e9tiques<\/a>\r\n<br>\r\n<br>\r\n<a href=\"https:\/\/fmtfabric.com\/en\/matieres-et-tissus\/tissus-naturels\/\">Tissus naturels<\/a>\r\n<br>\r\n<a\t href=\"https:\/\/fmtfabric.com\/en\/matieres-et-tissus\/tissus-synthetiques\/\">Tissus synth\u00e9tiques<\/a><\/div>\t\t\t\t<\/div>\n\t\t\t\t<\/div>\n\t\t\t\t<\/div>\n\t\t<div class=\"elementor-element elementor-element-457ec33 e-con-full e-flex e-con e-child\" data-id=\"457ec33\" data-element_type=\"container\" data-e-type=\"container\">\n\t\t<div class=\"elementor-element elementor-element-713009c e-con-full e-flex e-con e-child\" data-id=\"713009c\" data-element_type=\"container\" data-e-type=\"container\">\n\t\t\t\t<div class=\"elementor-element elementor-element-c7439ea elementor-widget__width-initial elementor-widget-mobile__width-initial elementor-widget elementor-widget-shortcode\" data-id=\"c7439ea\" data-element_type=\"widget\" data-e-type=\"widget\" data-widget_type=\"shortcode.default\">\n\t\t\t\t<div class=\"elementor-widget-container\">\n\t\t\t\t\t\t\t<div class=\"elementor-shortcode\"><nav aria-label=\"breadcrumbs\" class=\"rank-math-breadcrumb\"><p><span class=\"last\">Accueil<\/span><\/p><\/nav><\/div>\n\t\t\t\t\t\t<\/div>\n\t\t\t\t<\/div>\n\t\t<div class=\"elementor-element elementor-element-9fda6e5 e-flex e-con-boxed e-con e-child\" data-id=\"9fda6e5\" data-element_type=\"container\" data-e-type=\"container\">\n\t\t\t\t\t<div class=\"e-con-inner\">\n\t\t\t\t<div class=\"elementor-element elementor-element-8f1687a elementor-mobile-align-center elementor-widget elementor-widget-button\" data-id=\"8f1687a\" data-element_type=\"widget\" data-e-type=\"widget\" data-widget_type=\"button.default\">\n\t\t\t\t<div class=\"elementor-widget-container\">\n\t\t\t\t\t\t\t\t\t<div class=\"elementor-button-wrapper\">\n\t\t\t\t\t<a class=\"elementor-button elementor-button-link elementor-size-sm\" href=\"https:\/\/fmtfabric.com\/en\/nous-contacter\/\" target=\"_blank\">\n\t\t\t\t\t\t<span class=\"elementor-button-content-wrapper\">\n\t\t\t\t\t\t\t\t\t<span class=\"elementor-button-text\">Contact<\/span>\n\t\t\t\t\t<\/span>\n\t\t\t\t\t<\/a>\n\t\t\t\t<\/div>\n\t\t\t\t\t\t\t\t<\/div>\n\t\t\t\t<\/div>\n\t\t\t\t\t<\/div>\n\t\t\t\t<\/div>\n\t\t\t\t<\/div>\n\t\t<div class=\"elementor-element elementor-element-3e99965 e-flex e-con-boxed e-con e-child\" data-id=\"3e99965\" data-element_type=\"container\" data-e-type=\"container\" data-settings=\"{&quot;background_background&quot;:&quot;classic&quot;}\">\n\t\t\t\t\t<div class=\"e-con-inner\">\n\t\t\t\t<div class=\"elementor-element elementor-element-a732d57 elementor-widget elementor-widget-heading\" data-id=\"a732d57\" data-element_type=\"widget\" data-e-type=\"widget\" data-widget_type=\"heading.default\">\n\t\t\t\t<div class=\"elementor-widget-container\">\n\t\t\t\t\t<h1 class=\"elementor-heading-title elementor-size-default\">Mati\u00e8res &amp; tissus<\/h1>\t\t\t\t<\/div>\n\t\t\t\t<\/div>\n\t\t\t\t\t<\/div>\n\t\t\t\t<\/div>\n\t\t<div class=\"elementor-element elementor-element-c9797ec e-flex e-con-boxed e-con e-child\" data-id=\"c9797ec\" data-element_type=\"container\" data-e-type=\"container\">\n\t\t\t\t\t<div class=\"e-con-inner\">\n\t\t<div class=\"elementor-element elementor-element-4bc03b8 e-con-full e-flex e-con e-child\" data-id=\"4bc03b8\" data-element_type=\"container\" data-e-type=\"container\" data-settings=\"{&quot;background_background&quot;:&quot;classic&quot;}\">\n\t\t\t\t<div class=\"elementor-element elementor-element-95b4362 elementor-widget elementor-widget-image\" data-id=\"95b4362\" data-element_type=\"widget\" data-e-type=\"widget\" data-widget_type=\"image.default\">\n\t\t\t\t<div class=\"elementor-widget-container\">\n\t\t\t\t\t\t\t\t\t\t\t\t\t\t\t\t<a href=\"https:\/\/fmtfabric.com\/en\/matieres-et-tissus\/matieres-naturelles\/\">\n\t\t\t\t\t\t\t<img fetchpriority=\"high\" decoding=\"async\" width=\"1024\" height=\"683\" src=\"https:\/\/fmtfabric.com\/wp-content\/uploads\/2024\/02\/fond-couches-texturees-tissu-1-1024x683.jpg\" class=\"attachment-large size-large wp-image-387\" alt=\"\" srcset=\"https:\/\/fmtfabric.com\/wp-content\/uploads\/2024\/02\/fond-couches-texturees-tissu-1-1024x683.jpg 1024w, https:\/\/fmtfabric.com\/wp-content\/uploads\/2024\/02\/fond-couches-texturees-tissu-1-300x200.jpg 300w, https:\/\/fmtfabric.com\/wp-content\/uploads\/2024\/02\/fond-couches-texturees-tissu-1-768x512.jpg 768w, https:\/\/fmtfabric.com\/wp-content\/uploads\/2024\/02\/fond-couches-texturees-tissu-1-1536x1024.jpg 1536w, https:\/\/fmtfabric.com\/wp-content\/uploads\/2024\/02\/fond-couches-texturees-tissu-1-2048x1365.jpg 2048w\" sizes=\"(max-width: 1024px) 100vw, 1024px\" \/>\t\t\t\t\t\t\t\t<\/a>\n\t\t\t\t\t\t\t\t\t\t\t\t\t\t\t<\/div>\n\t\t\t\t<\/div>\n\t\t\t\t<div class=\"elementor-element elementor-element-0a0639a elementor-widget elementor-widget-heading\" data-id=\"0a0639a\" data-element_type=\"widget\" data-e-type=\"widget\" data-widget_type=\"heading.default\">\n\t\t\t\t<div class=\"elementor-widget-container\">\n\t\t\t\t\t<h2 class=\"elementor-heading-title elementor-size-default\">Mati\u00e8res naturelles<\/h2>\t\t\t\t<\/div>\n\t\t\t\t<\/div>\n\t\t\t\t<\/div>\n\t\t<div class=\"elementor-element elementor-element-1e4c790 e-flex e-con-boxed e-con e-child\" data-id=\"1e4c790\" data-element_type=\"container\" data-e-type=\"container\" data-settings=\"{&quot;background_background&quot;:&quot;classic&quot;}\">\n\t\t\t\t\t<div class=\"e-con-inner\">\n\t\t\t\t<div class=\"elementor-element elementor-element-d136058 elementor-widget elementor-widget-image\" data-id=\"d136058\" data-element_type=\"widget\" data-e-type=\"widget\" data-widget_type=\"image.default\">\n\t\t\t\t<div class=\"elementor-widget-container\">\n\t\t\t\t\t\t\t\t\t\t\t\t\t\t\t\t<a href=\"https:\/\/fmtfabric.com\/en\/matieres-et-tissus\/matieres-synthetiques\/\">\n\t\t\t\t\t\t\t<img decoding=\"async\" width=\"1024\" height=\"724\" src=\"https:\/\/fmtfabric.com\/wp-content\/uploads\/2024\/02\/fond-couches-texturees-tissu-1024x724.jpg\" class=\"attachment-large size-large wp-image-389\" alt=\"\" srcset=\"https:\/\/fmtfabric.com\/wp-content\/uploads\/2024\/02\/fond-couches-texturees-tissu-1024x724.jpg 1024w, https:\/\/fmtfabric.com\/wp-content\/uploads\/2024\/02\/fond-couches-texturees-tissu-300x212.jpg 300w, https:\/\/fmtfabric.com\/wp-content\/uploads\/2024\/02\/fond-couches-texturees-tissu-768x543.jpg 768w, https:\/\/fmtfabric.com\/wp-content\/uploads\/2024\/02\/fond-couches-texturees-tissu-1536x1086.jpg 1536w, https:\/\/fmtfabric.com\/wp-content\/uploads\/2024\/02\/fond-couches-texturees-tissu-2048x1449.jpg 2048w\" sizes=\"(max-width: 1024px) 100vw, 1024px\" \/>\t\t\t\t\t\t\t\t<\/a>\n\t\t\t\t\t\t\t\t\t\t\t\t\t\t\t<\/div>\n\t\t\t\t<\/div>\n\t\t\t\t<div class=\"elementor-element elementor-element-3190edf elementor-widget elementor-widget-heading\" data-id=\"3190edf\" data-element_type=\"widget\" data-e-type=\"widget\" data-widget_type=\"heading.default\">\n\t\t\t\t<div class=\"elementor-widget-container\">\n\t\t\t\t\t<h2 class=\"elementor-heading-title elementor-size-default\">Mati\u00e8res synth\u00e9tiques<\/h2>\t\t\t\t<\/div>\n\t\t\t\t<\/div>\n\t\t\t\t\t<\/div>\n\t\t\t\t<\/div>\n\t\t\t\t\t<\/div>\n\t\t\t\t<\/div>\n\t\t<div class=\"elementor-element elementor-element-d4b1766 e-flex e-con-boxed e-con e-child\" data-id=\"d4b1766\" data-element_type=\"container\" data-e-type=\"container\">\n\t\t\t\t\t<div class=\"e-con-inner\">\n\t\t<div class=\"elementor-element elementor-element-4131134 e-con-full e-flex e-con e-child\" data-id=\"4131134\" data-element_type=\"container\" data-e-type=\"container\" data-settings=\"{&quot;background_background&quot;:&quot;classic&quot;}\">\n\t\t\t\t<div class=\"elementor-element elementor-element-4f8ea5b elementor-widget elementor-widget-image\" data-id=\"4f8ea5b\" data-element_type=\"widget\" data-e-type=\"widget\" data-widget_type=\"image.default\">\n\t\t\t\t<div class=\"elementor-widget-container\">\n\t\t\t\t\t\t\t\t\t\t\t\t\t\t\t\t<a href=\"https:\/\/fmtfabric.com\/en\/matieres-et-tissus\/tissus-naturels\/\">\n\t\t\t\t\t\t\t<img decoding=\"async\" width=\"1024\" height=\"683\" src=\"https:\/\/fmtfabric.com\/wp-content\/uploads\/2024\/02\/pexels-magda-ehlers-3158017-1-1024x683.jpg\" class=\"attachment-large size-large wp-image-958\" alt=\"\" srcset=\"https:\/\/fmtfabric.com\/wp-content\/uploads\/2024\/02\/pexels-magda-ehlers-3158017-1-1024x683.jpg 1024w, https:\/\/fmtfabric.com\/wp-content\/uploads\/2024\/02\/pexels-magda-ehlers-3158017-1-300x200.jpg 300w, https:\/\/fmtfabric.com\/wp-content\/uploads\/2024\/02\/pexels-magda-ehlers-3158017-1-768x512.jpg 768w, https:\/\/fmtfabric.com\/wp-content\/uploads\/2024\/02\/pexels-magda-ehlers-3158017-1-1536x1024.jpg 1536w, https:\/\/fmtfabric.com\/wp-content\/uploads\/2024\/02\/pexels-magda-ehlers-3158017-1-2048x1365.jpg 2048w\" sizes=\"(max-width: 1024px) 100vw, 1024px\" \/>\t\t\t\t\t\t\t\t<\/a>\n\t\t\t\t\t\t\t\t\t\t\t\t\t\t\t<\/div>\n\t\t\t\t<\/div>\n\t\t\t\t<div class=\"elementor-element elementor-element-932a793 elementor-widget elementor-widget-heading\" data-id=\"932a793\" data-element_type=\"widget\" data-e-type=\"widget\" data-widget_type=\"heading.default\">\n\t\t\t\t<div class=\"elementor-widget-container\">\n\t\t\t\t\t<h2 class=\"elementor-heading-title elementor-size-default\">Tissus naturels<\/h2>\t\t\t\t<\/div>\n\t\t\t\t<\/div>\n\t\t\t\t<\/div>\n\t\t<div class=\"elementor-element elementor-element-60da017 e-flex e-con-boxed e-con e-child\" data-id=\"60da017\" data-element_type=\"container\" data-e-type=\"container\" data-settings=\"{&quot;background_background&quot;:&quot;classic&quot;}\">\n\t\t\t\t\t<div class=\"e-con-inner\">\n\t\t\t\t<div class=\"elementor-element elementor-element-cca1527 elementor-widget elementor-widget-image\" data-id=\"cca1527\" data-element_type=\"widget\" data-e-type=\"widget\" data-widget_type=\"image.default\">\n\t\t\t\t<div class=\"elementor-widget-container\">\n\t\t\t\t\t\t\t\t\t\t\t\t\t\t\t\t<a href=\"https:\/\/fmtfabric.com\/en\/matieres-et-tissus\/tissus-synthetiques\/\">\n\t\t\t\t\t\t\t<img loading=\"lazy\" decoding=\"async\" width=\"1024\" height=\"683\" src=\"https:\/\/fmtfabric.com\/wp-content\/uploads\/2024\/02\/white-cloth-fabric-tailoring-1024x683.jpg\" class=\"attachment-large size-large wp-image-910\" alt=\"\" srcset=\"https:\/\/fmtfabric.com\/wp-content\/uploads\/2024\/02\/white-cloth-fabric-tailoring-1024x683.jpg 1024w, https:\/\/fmtfabric.com\/wp-content\/uploads\/2024\/02\/white-cloth-fabric-tailoring-300x200.jpg 300w, https:\/\/fmtfabric.com\/wp-content\/uploads\/2024\/02\/white-cloth-fabric-tailoring-768x512.jpg 768w, https:\/\/fmtfabric.com\/wp-content\/uploads\/2024\/02\/white-cloth-fabric-tailoring-1536x1025.jpg 1536w, https:\/\/fmtfabric.com\/wp-content\/uploads\/2024\/02\/white-cloth-fabric-tailoring-2048x1366.jpg 2048w\" sizes=\"(max-width: 1024px) 100vw, 1024px\" \/>\t\t\t\t\t\t\t\t<\/a>\n\t\t\t\t\t\t\t\t\t\t\t\t\t\t\t<\/div>\n\t\t\t\t<\/div>\n\t\t\t\t<div class=\"elementor-element elementor-element-3f448d2 elementor-widget elementor-widget-heading\" data-id=\"3f448d2\" data-element_type=\"widget\" data-e-type=\"widget\" data-widget_type=\"heading.default\">\n\t\t\t\t<div class=\"elementor-widget-container\">\n\t\t\t\t\t<h2 class=\"elementor-heading-title elementor-size-default\">Tissus synth\u00e9tiques<\/h2>\t\t\t\t<\/div>\n\t\t\t\t<\/div>\n\t\t\t\t\t<\/div>\n\t\t\t\t<\/div>\n\t\t\t\t\t<\/div>\n\t\t\t\t<\/div>\n\t\t\t\t<\/div>\n\t\t\t\t<\/div>\n\t\t\t\t<\/div>","protected":false},"excerpt":{"rendered":"<p>Contact Mati\u00e8res &#038; tissus Mati\u00e8res naturelles Mati\u00e8res synth\u00e9tiques Tissus naturels Tissus synth\u00e9tiques<\/p>","protected":false},"author":1,"featured_media":0,"parent":0,"menu_order":0,"comment_status":"closed","ping_status":"closed","template":"elementor_header_footer","meta":{"footnotes":""},"class_list":["post-602","page","type-page","status-publish","hentry"],"_links":{"self":[{"href":"https:\/\/fmtfabric.com\/en\/wp-json\/wp\/v2\/pages\/602","targetHints":{"allow":["GET"]}}],"collection":[{"href":"https:\/\/fmtfabric.com\/en\/wp-json\/wp\/v2\/pages"}],"about":[{"href":"https:\/\/fmtfabric.com\/en\/wp-json\/wp\/v2\/types\/page"}],"author":[{"embeddable":true,"href":"https:\/\/fmtfabric.com\/en\/wp-json\/wp\/v2\/users\/1"}],"replies":[{"embeddable":true,"href":"https:\/\/fmtfabric.com\/en\/wp-json\/wp\/v2\/comments?post=602"}],"version-history":[{"count":45,"href":"https:\/\/fmtfabric.com\/en\/wp-json\/wp\/v2\/pages\/602\/revisions"}],"predecessor-version":[{"id":2250,"href":"https:\/\/fmtfabric.com\/en\/wp-json\/wp\/v2\/pages\/602\/revisions\/2250"}],"wp:attachment":[{"href":"https:\/\/fmtfabric.com\/en\/wp-json\/wp\/v2\/media?parent=602"}],"curies":[{"name":"wp","href":"https:\/\/api.w.org\/{rel}","templated":true}]}}