{"id":2017,"date":"2024-03-18T17:26:23","date_gmt":"2024-03-18T16:26:23","guid":{"rendered":"https:\/\/fmtfabric.com\/?page_id=2017"},"modified":"2024-07-27T13:38:27","modified_gmt":"2024-07-27T11:38:27","slug":"fabricant-linge-de-maison-maroc","status":"publish","type":"page","link":"https:\/\/fmtfabric.com\/fr\/fabricant-linge-de-maison-maroc\/","title":{"rendered":"Fabricant linge de maison maroc"},"content":{"rendered":"\t\t<div data-elementor-type=\"wp-page\" data-elementor-id=\"2017\" class=\"elementor elementor-2017\" data-elementor-post-type=\"page\">\n\t\t\t\t<div class=\"elementor-element elementor-element-c80a962 e-con-full e-flex e-con e-parent\" data-id=\"c80a962\" data-element_type=\"container\" data-e-type=\"container\" data-settings=\"{&quot;background_background&quot;:&quot;classic&quot;}\">\n\t\t<div class=\"elementor-element elementor-element-b54a1fc e-con-full e-flex e-con e-child\" data-id=\"b54a1fc\" data-element_type=\"container\" data-e-type=\"container\">\n\t\t<div class=\"elementor-element elementor-element-3afa848 e-con-full e-flex e-con e-child\" data-id=\"3afa848\" data-element_type=\"container\" data-e-type=\"container\">\n\t\t\t\t<div class=\"elementor-element elementor-element-9fe0dc2 elementor-widget__width-initial elementor-widget-mobile__width-initial elementor-widget elementor-widget-shortcode\" data-id=\"9fe0dc2\" data-element_type=\"widget\" data-e-type=\"widget\" data-widget_type=\"shortcode.default\">\n\t\t\t\t<div class=\"elementor-widget-container\">\n\t\t\t\t\t\t\t<div class=\"elementor-shortcode\"><nav aria-label=\"breadcrumbs\" class=\"rank-math-breadcrumb\"><p><span class=\"last\">Accueil<\/span><\/p><\/nav><\/div>\n\t\t\t\t\t\t<\/div>\n\t\t\t\t<\/div>\n\t\t\t\t<div class=\"elementor-element elementor-element-6a40a39 elementor-align-right elementor-mobile-align-center elementor-widget elementor-widget-button\" data-id=\"6a40a39\" data-element_type=\"widget\" data-e-type=\"widget\" data-widget_type=\"button.default\">\n\t\t\t\t<div class=\"elementor-widget-container\">\n\t\t\t\t\t\t\t\t\t<div class=\"elementor-button-wrapper\">\n\t\t\t\t\t<a class=\"elementor-button elementor-button-link elementor-size-sm\" href=\"https:\/\/fmtfabric.com\/nous-contacter\/\" target=\"_blank\">\n\t\t\t\t\t\t<span class=\"elementor-button-content-wrapper\">\n\t\t\t\t\t\t\t\t\t<span class=\"elementor-button-text\">Contact<\/span>\n\t\t\t\t\t<\/span>\n\t\t\t\t\t<\/a>\n\t\t\t\t<\/div>\n\t\t\t\t\t\t\t\t<\/div>\n\t\t\t\t<\/div>\n\t\t\t\t<\/div>\n\t\t<div class=\"elementor-element elementor-element-754f250 e-flex e-con-boxed e-con e-child\" data-id=\"754f250\" data-element_type=\"container\" data-e-type=\"container\" data-settings=\"{&quot;background_background&quot;:&quot;classic&quot;}\">\n\t\t\t\t\t<div class=\"e-con-inner\">\n\t\t\t\t<div class=\"elementor-element elementor-element-8505a53 elementor-widget elementor-widget-heading\" data-id=\"8505a53\" data-element_type=\"widget\" data-e-type=\"widget\" data-widget_type=\"heading.default\">\n\t\t\t\t<div class=\"elementor-widget-container\">\n\t\t\t\t\t<h1 class=\"elementor-heading-title elementor-size-default\">Fabricant linge de maison  au maroc<\/h1>\t\t\t\t<\/div>\n\t\t\t\t<\/div>\n\t\t\t\t\t<\/div>\n\t\t\t\t<\/div>\n\t\t\t\t<\/div>\n\t\t\t\t<\/div>\n\t\t<div class=\"elementor-element elementor-element-8ab3fd5 e-flex e-con-boxed e-con e-parent\" data-id=\"8ab3fd5\" data-element_type=\"container\" data-e-type=\"container\">\n\t\t\t\t\t<div class=\"e-con-inner\">\n\t\t<div class=\"elementor-element elementor-element-0dfe204 e-con-full e-flex e-con e-child\" data-id=\"0dfe204\" data-element_type=\"container\" data-e-type=\"container\">\n\t\t\t\t<div class=\"elementor-element elementor-element-03beb50 elementor-widget elementor-widget-heading\" data-id=\"03beb50\" data-element_type=\"widget\" data-e-type=\"widget\" data-widget_type=\"heading.default\">\n\t\t\t\t<div class=\"elementor-widget-container\">\n\t\t\t\t\t<h2 class=\"elementor-heading-title elementor-size-default\">D\u00e9couvrez l'art du linge de maison avec FMT Fabric au Maroc\n\n<\/h2>\t\t\t\t<\/div>\n\t\t\t\t<\/div>\n\t\t\t\t<div class=\"elementor-element elementor-element-2d95724 elementor-widget elementor-widget-text-editor\" data-id=\"2d95724\" data-element_type=\"widget\" data-e-type=\"widget\" data-widget_type=\"text-editor.default\">\n\t\t\t\t<div class=\"elementor-widget-container\">\n\t\t\t\t\t\t\t\t\t<p>Au c\u0153ur de Casablanca, entre tradition fran\u00e7aise et artisanat marocain, se trouve notre usine FMT Fabric.<\/p><p>Sp\u00e9cialis\u00e9e dans la fabrication de couettes, oreillers et autres articles de literie, notre entreprise se distingue par son savoir-faire unique et la pr\u00e9cision de sa fabrication de linge de maison et literie sur-mesure.<\/p>\t\t\t\t\t\t\t\t<\/div>\n\t\t\t\t<\/div>\n\t\t\t\t<\/div>\n\t\t\t\t\t<\/div>\n\t\t\t\t<\/div>\n\t\t<div class=\"elementor-element elementor-element-4af4617 e-con-full e-flex e-con e-parent\" data-id=\"4af4617\" data-element_type=\"container\" data-e-type=\"container\">\n\t\t<div class=\"elementor-element elementor-element-64245e6 e-con-full e-flex e-con e-child\" data-id=\"64245e6\" data-element_type=\"container\" data-e-type=\"container\">\n\t\t\t\t<div class=\"elementor-element elementor-element-4cf09ac elementor-widget elementor-widget-text-editor\" data-id=\"4cf09ac\" data-element_type=\"widget\" data-e-type=\"widget\" data-widget_type=\"text-editor.default\">\n\t\t\t\t<div class=\"elementor-widget-container\">\n\t\t\t\t\t\t\t\t\t<p>En tant que fabricant linge de maison et literie sp\u00e9cialis\u00e9, nous sommes en mesure de fabriquer, dans toutes les tailles !\u00a0<\/p>\t\t\t\t\t\t\t\t<\/div>\n\t\t\t\t<\/div>\n\t\t\t\t<div class=\"elementor-element elementor-element-9a56993 elementor-widget elementor-widget-text-editor\" data-id=\"9a56993\" data-element_type=\"widget\" data-e-type=\"widget\" data-widget_type=\"text-editor.default\">\n\t\t\t\t<div class=\"elementor-widget-container\">\n\t\t\t\t\t\t\t\t\t<p><strong>Contactez-nous :<\/strong><\/p><p>Expliquez-nous vos besoins en linge de lit sur mesure, que vous soyez un professionnel \u00e0 la recherche de linge de lit pour votre h\u00f4tel ou tout simplement un particulier exigeant.<\/p><p><strong>D\u00e9terminez ensemble :<\/strong><\/p><p>Nous discutons ensemble pour trouver la meilleure solution qui corresponde parfaitement \u00e0 vos attentes en termes de qualit\u00e9, de taille et de style.<\/p><p><strong>Choisissez et validez :<\/strong><\/p><p>S\u00e9lectionnez la mati\u00e8re et le coloris qui vous conviennent le mieux parmi notre vaste s\u00e9lection de tissus haut de gamme, puis validez votre commande en toute confiance.<\/p><p>Nous pouvons aussi fabriquer un linge de lit \u00e0 partir de vos tissus.<\/p><p><strong>Recevez vos merveilles :<\/strong><\/p><p>Vous recevrez chez vous vos merveilleux draps sur mesure, pr\u00eats \u00e0 sublimer votre espace de sommeil.<\/p>\t\t\t\t\t\t\t\t<\/div>\n\t\t\t\t<\/div>\n\t\t\t\t<\/div>\n\t\t<div class=\"elementor-element elementor-element-cff1b97 e-con-full e-flex e-con e-child\" data-id=\"cff1b97\" data-element_type=\"container\" data-e-type=\"container\" data-settings=\"{&quot;background_background&quot;:&quot;classic&quot;}\">\n\t\t\t\t<\/div>\n\t\t\t\t<\/div>\n\t\t<div class=\"elementor-element elementor-element-a447649 e-con-full e-flex e-con e-parent\" data-id=\"a447649\" data-element_type=\"container\" data-e-type=\"container\">\n\t\t<div class=\"elementor-element elementor-element-0c4aa8a e-con-full e-flex e-con e-child\" data-id=\"0c4aa8a\" data-element_type=\"container\" data-e-type=\"container\">\n\t\t\t\t<div class=\"elementor-element elementor-element-547e4bf elementor-widget elementor-widget-text-editor\" data-id=\"547e4bf\" data-element_type=\"widget\" data-e-type=\"widget\" data-widget_type=\"text-editor.default\">\n\t\t\t\t<div class=\"elementor-widget-container\">\n\t\t\t\t\t\t\t\t\t<p>Pour en savoir plus sur nos produits et services, n&rsquo;h\u00e9sitez pas \u00e0 nous contacter ou \u00e0 consulter nos pages d\u00e9di\u00e9es :<\/p><ul><li><a href=\"https:\/\/fmtfabric.com\/literie\/\" target=\"_new\">Fabricant de literie<\/a><\/li><li><a href=\"https:\/\/fmtfabric.com\/matieres-et-tissus\/\" target=\"_new\">Mati\u00e8res &amp; tissus<\/a><\/li><li><a href=\"https:\/\/fmtfabric.com\/plumes-duvet\/\" target=\"_new\">Plumes et duvets<\/a><\/li><li><a href=\"https:\/\/fmtfabric.com\/decoration\/\" target=\"_new\">Linge de maison &amp; d\u00e9co<\/a><\/li><\/ul>\t\t\t\t\t\t\t\t<\/div>\n\t\t\t\t<\/div>\n\t\t\t\t<\/div>\n\t\t\t\t<\/div>\n\t\t\t\t<\/div>\n\t\t","protected":false},"excerpt":{"rendered":"<p>Contact Fabricant linge de maison au maroc D\u00e9couvrez l&rsquo;art du linge de maison avec FMT Fabric au Maroc Au c\u0153ur de Casablanca, entre tradition fran\u00e7aise et artisanat marocain, se trouve notre usine FMT Fabric. Sp\u00e9cialis\u00e9e dans la fabrication de couettes, oreillers et autres articles de literie, notre entreprise se distingue par son savoir-faire unique et [&hellip;]<\/p>\n","protected":false},"author":1,"featured_media":0,"parent":0,"menu_order":0,"comment_status":"closed","ping_status":"closed","template":"elementor_header_footer","meta":{"footnotes":""},"class_list":["post-2017","page","type-page","status-publish","hentry"],"_links":{"self":[{"href":"https:\/\/fmtfabric.com\/fr\/wp-json\/wp\/v2\/pages\/2017","targetHints":{"allow":["GET"]}}],"collection":[{"href":"https:\/\/fmtfabric.com\/fr\/wp-json\/wp\/v2\/pages"}],"about":[{"href":"https:\/\/fmtfabric.com\/fr\/wp-json\/wp\/v2\/types\/page"}],"author":[{"embeddable":true,"href":"https:\/\/fmtfabric.com\/fr\/wp-json\/wp\/v2\/users\/1"}],"replies":[{"embeddable":true,"href":"https:\/\/fmtfabric.com\/fr\/wp-json\/wp\/v2\/comments?post=2017"}],"version-history":[{"count":19,"href":"https:\/\/fmtfabric.com\/fr\/wp-json\/wp\/v2\/pages\/2017\/revisions"}],"predecessor-version":[{"id":2060,"href":"https:\/\/fmtfabric.com\/fr\/wp-json\/wp\/v2\/pages\/2017\/revisions\/2060"}],"wp:attachment":[{"href":"https:\/\/fmtfabric.com\/fr\/wp-json\/wp\/v2\/media?parent=2017"}],"curies":[{"name":"wp","href":"https:\/\/api.w.org\/{rel}","templated":true}]}}