{"id":74,"date":"2024-02-17T22:57:42","date_gmt":"2024-02-17T21:57:42","guid":{"rendered":"https:\/\/fmtfabric.com\/?page_id=74"},"modified":"2026-01-08T14:53:47","modified_gmt":"2026-01-08T13:53:47","slug":"notre-expertise","status":"publish","type":"page","link":"https:\/\/fmtfabric.com\/fr\/notre-expertise\/","title":{"rendered":"Savoir faire &#038; expertise"},"content":{"rendered":"\t\t<div data-elementor-type=\"wp-page\" data-elementor-id=\"74\" class=\"elementor elementor-74\" data-elementor-post-type=\"page\">\n\t\t\t\t<div class=\"elementor-element elementor-element-a3e03c9 e-con-full e-flex e-con e-parent\" data-id=\"a3e03c9\" data-element_type=\"container\" data-e-type=\"container\">\n\t\t<div class=\"elementor-element elementor-element-7fa5f77 e-con-full e-flex e-con e-child\" data-id=\"7fa5f77\" data-element_type=\"container\" data-e-type=\"container\">\n\t\t\t\t<div class=\"elementor-element elementor-element-96e4b69 elementor-widget__width-initial elementor-widget-mobile__width-inherit elementor-hidden-tablet elementor-hidden-mobile elementor-widget elementor-widget-shortcode\" data-id=\"96e4b69\" data-element_type=\"widget\" data-e-type=\"widget\" data-widget_type=\"shortcode.default\">\n\t\t\t\t<div class=\"elementor-widget-container\">\n\t\t\t\t\t\t\t<div class=\"elementor-shortcode\"><nav aria-label=\"breadcrumbs\" class=\"rank-math-breadcrumb\"><p><span class=\"last\">Accueil<\/span><\/p><\/nav><\/div>\n\t\t\t\t\t\t<\/div>\n\t\t\t\t<\/div>\n\t\t\t\t<\/div>\n\t\t<div class=\"elementor-element elementor-element-440cbd5 e-con-full e-flex e-con e-child\" data-id=\"440cbd5\" data-element_type=\"container\" data-e-type=\"container\">\n\t\t\t\t<div class=\"elementor-element elementor-element-b0e044c elementor-align-right elementor-mobile-align-center elementor-widget__width-auto elementor-widget elementor-widget-button\" data-id=\"b0e044c\" data-element_type=\"widget\" data-e-type=\"widget\" data-widget_type=\"button.default\">\n\t\t\t\t<div class=\"elementor-widget-container\">\n\t\t\t\t\t\t\t\t\t<div class=\"elementor-button-wrapper\">\n\t\t\t\t\t<a class=\"elementor-button elementor-button-link elementor-size-sm\" href=\"https:\/\/fmtfabric.com\/nous-contacter\/\" target=\"_blank\">\n\t\t\t\t\t\t<span class=\"elementor-button-content-wrapper\">\n\t\t\t\t\t\t\t\t\t<span class=\"elementor-button-text\">Contact<\/span>\n\t\t\t\t\t<\/span>\n\t\t\t\t\t<\/a>\n\t\t\t\t<\/div>\n\t\t\t\t\t\t\t\t<\/div>\n\t\t\t\t<\/div>\n\t\t\t\t<\/div>\n\t\t\t\t<\/div>\n\t\t<div class=\"elementor-element elementor-element-c6c522f e-con-full e-flex e-con e-parent\" data-id=\"c6c522f\" data-element_type=\"container\" data-e-type=\"container\" data-settings=\"{&quot;background_background&quot;:&quot;classic&quot;}\">\n\t\t<div class=\"elementor-element elementor-element-b2b0e86 e-con-full e-flex e-con e-child\" data-id=\"b2b0e86\" data-element_type=\"container\" data-e-type=\"container\" data-settings=\"{&quot;background_background&quot;:&quot;classic&quot;}\">\n\t\t\t\t<div class=\"elementor-element elementor-element-d7900f4 elementor-widget elementor-widget-heading\" data-id=\"d7900f4\" data-element_type=\"widget\" data-e-type=\"widget\" data-widget_type=\"heading.default\">\n\t\t\t\t<div class=\"elementor-widget-container\">\n\t\t\t\t\t<h1 class=\"elementor-heading-title elementor-size-default\">Expertise compl\u00e8te en fabrication de <br>literie et linge de maison<\/h1>\t\t\t\t<\/div>\n\t\t\t\t<\/div>\n\t\t\t\t<\/div>\n\t\t\t\t<\/div>\n\t\t<div class=\"elementor-element elementor-element-c11e116 e-con-full e-flex e-con e-parent\" data-id=\"c11e116\" data-element_type=\"container\" data-e-type=\"container\" data-settings=\"{&quot;background_background&quot;:&quot;classic&quot;}\">\n\t\t<div class=\"elementor-element elementor-element-330d927 e-con-full e-flex e-con e-child\" data-id=\"330d927\" data-element_type=\"container\" data-e-type=\"container\">\n\t\t<div class=\"elementor-element elementor-element-c9a6501 e-con-full e-transform e-flex e-con e-child\" data-id=\"c9a6501\" data-element_type=\"container\" data-e-type=\"container\" data-settings=\"{&quot;background_background&quot;:&quot;classic&quot;,&quot;_transform_skewX_effect&quot;:{&quot;unit&quot;:&quot;px&quot;,&quot;size&quot;:&quot;&quot;,&quot;sizes&quot;:[]},&quot;_transform_skewX_effect_tablet&quot;:{&quot;unit&quot;:&quot;deg&quot;,&quot;size&quot;:&quot;&quot;,&quot;sizes&quot;:[]},&quot;_transform_skewX_effect_mobile&quot;:{&quot;unit&quot;:&quot;deg&quot;,&quot;size&quot;:&quot;&quot;,&quot;sizes&quot;:[]},&quot;_transform_skewY_effect&quot;:{&quot;unit&quot;:&quot;px&quot;,&quot;size&quot;:&quot;&quot;,&quot;sizes&quot;:[]},&quot;_transform_skewY_effect_tablet&quot;:{&quot;unit&quot;:&quot;deg&quot;,&quot;size&quot;:&quot;&quot;,&quot;sizes&quot;:[]},&quot;_transform_skewY_effect_mobile&quot;:{&quot;unit&quot;:&quot;deg&quot;,&quot;size&quot;:&quot;&quot;,&quot;sizes&quot;:[]}}\">\n\t\t\t\t<\/div>\n\t\t<div class=\"elementor-element elementor-element-e1eb7f3 e-con-full e-flex e-con e-child\" data-id=\"e1eb7f3\" data-element_type=\"container\" data-e-type=\"container\">\n\t\t\t\t<div class=\"elementor-element elementor-element-15bedfb elementor-widget elementor-widget-heading\" data-id=\"15bedfb\" data-element_type=\"widget\" data-e-type=\"widget\" data-widget_type=\"heading.default\">\n\t\t\t\t<div class=\"elementor-widget-container\">\n\t\t\t\t\t<h2 class=\"elementor-heading-title elementor-size-default\">Savoir-faire en Literie<\/h2>\t\t\t\t<\/div>\n\t\t\t\t<\/div>\n\t\t\t\t<div class=\"elementor-element elementor-element-1e6ff25 elementor-widget elementor-widget-text-editor\" data-id=\"1e6ff25\" data-element_type=\"widget\" data-e-type=\"widget\" data-widget_type=\"text-editor.default\">\n\t\t\t\t<div class=\"elementor-widget-container\">\n\t\t\t\t\t\t\t\t\t<p>Notre gamme compl\u00e8te de produits inclut des oreillers, des couettes et des surmatelas, disponibles en versions naturelles et synth\u00e9tiques pour r\u00e9pondre \u00e0 toutes les pr\u00e9f\u00e9rences. Les <a href=\"https:\/\/fmtfabric.com\/literie\/oreillers-naturels\/\" target=\"_new\"><u><b>oreillers naturels<\/b><\/u><\/a> et <u><b><a href=\"https:\/\/fmtfabric.com\/literie\/oreillers-synthetiques\/\" target=\"_new\">synth\u00e9tiques<\/a> <\/b><\/u>de FMT Fabric sont con\u00e7us pour offrir un soutien et un confort optimal, tandis que nos <a href=\"https:\/\/fmtfabric.com\/literie\/couettes-naturelles\/\" target=\"_new\">couettes naturelles<\/a> et <a href=\"https:\/\/fmtfabric.com\/literie\/couettes-synthetiques\/\" target=\"_new\">synth\u00e9tiques<\/a> garantissent une isolation parfaite et un sommeil paisible. Les <a href=\"https:\/\/fmtfabric.com\/literie\/surmatelas-naturels\/\" target=\"_new\"><u><b>surmatelas naturels<\/b><\/u><\/a> et <u><b><a href=\"https:\/\/fmtfabric.com\/literie\/surmatelas-synthetiques\/\" target=\"_new\">synth\u00e9tiques<\/a> <\/b><\/u>viennent compl\u00e9ter notre offre, en ajoutant une couche suppl\u00e9mentaire de confort \u00e0 votre literie<\/p>\t\t\t\t\t\t\t\t<\/div>\n\t\t\t\t<\/div>\n\t\t\t\t<div class=\"elementor-element elementor-element-c4137c0 elementor-align-left elementor-mobile-align-center elementor-widget__width-inherit elementor-widget elementor-widget-button\" data-id=\"c4137c0\" data-element_type=\"widget\" data-e-type=\"widget\" data-widget_type=\"button.default\">\n\t\t\t\t<div class=\"elementor-widget-container\">\n\t\t\t\t\t\t\t\t\t<div class=\"elementor-button-wrapper\">\n\t\t\t\t\t<a class=\"elementor-button elementor-button-link elementor-size-sm\" href=\"https:\/\/fmtfabric.com\/literie\/\">\n\t\t\t\t\t\t<span class=\"elementor-button-content-wrapper\">\n\t\t\t\t\t\t\t\t\t<span class=\"elementor-button-text\">D\u00e9couvrir<\/span>\n\t\t\t\t\t<\/span>\n\t\t\t\t\t<\/a>\n\t\t\t\t<\/div>\n\t\t\t\t\t\t\t\t<\/div>\n\t\t\t\t<\/div>\n\t\t\t\t<\/div>\n\t\t\t\t<\/div>\n\t\t\t\t<\/div>\n\t\t<div class=\"elementor-element elementor-element-980b77f e-con-full e-flex e-con e-parent\" data-id=\"980b77f\" data-element_type=\"container\" data-e-type=\"container\" data-settings=\"{&quot;background_background&quot;:&quot;classic&quot;}\">\n\t\t<div class=\"elementor-element elementor-element-05d3183 e-con-full e-flex e-con e-child\" data-id=\"05d3183\" data-element_type=\"container\" data-e-type=\"container\">\n\t\t<div class=\"elementor-element elementor-element-01ab88f e-con-full e-flex e-con e-child\" data-id=\"01ab88f\" data-element_type=\"container\" data-e-type=\"container\">\n\t\t\t\t<div class=\"elementor-element elementor-element-9b23e93 elementor-widget elementor-widget-heading\" data-id=\"9b23e93\" data-element_type=\"widget\" data-e-type=\"widget\" data-widget_type=\"heading.default\">\n\t\t\t\t<div class=\"elementor-widget-container\">\n\t\t\t\t\t<h2 class=\"elementor-heading-title elementor-size-default\">L'Art du Linge de Maison<\/h2>\t\t\t\t<\/div>\n\t\t\t\t<\/div>\n\t\t\t\t<div class=\"elementor-element elementor-element-9117801 elementor-widget elementor-widget-text-editor\" data-id=\"9117801\" data-element_type=\"widget\" data-e-type=\"widget\" data-widget_type=\"text-editor.default\">\n\t\t\t\t<div class=\"elementor-widget-container\">\n\t\t\t\t\t\t\t\t\t<p>Nous proposons une vari\u00e9t\u00e9 de produits tels que des<u> <a href=\"https:\/\/fmtfabric.com\/decoration\/draps\/\">draps<\/a><\/u>, <a href=\"https:\/\/fmtfabric.com\/decoration\/taies-doreiller\/\"><u>taies d&rsquo;oreiller<\/u><\/a>, <a href=\"https:\/\/fmtfabric.com\/decoration\/housse-de-couette\/\/\"><u>housses de couette<\/u><\/a>, <a href=\"https:\/\/fmtfabric.com\/decoration\/protection-literie\/\"><u>protections de literie<\/u><\/a>,<a href=\"https:\/\/fmtfabric.com\/decoration\/protege-matelas\/\"> <u>prot\u00e8ge-matelas<\/u><\/a>,<a href=\"https:\/\/fmtfabric.com\/decoration\/couvertures\/\"><u> couvertures<\/u><\/a>,<a href=\"https:\/\/fmtfabric.com\/decoration\/taies-doreiller\/\"> <u>taies d&rsquo;oreiller<\/u><\/a>, <a href=\"https:\/\/fmtfabric.com\/decoration\/plaid-dessus-de-lit\/\"><u>plaids<\/u>,<\/a><a href=\"https:\/\/fmtfabric.com\/decoration\/coussins-decoratifs\/\"><u>coussins d\u00e9coratifs<\/u><\/a>, <a href=\"https:\/\/fmtfabric.com\/decoration\/cache-sommier\/\"><u>caches sommier<\/u><\/a>, <a style=\"text-decoration-line: underline;\" href=\"https:\/\/fmtfabric.com\/decoration\/rideaux\/\">rideaux<\/a> et<a href=\"https:\/\/fmtfabric.com\/decoration\/serviettes-eponges\/\"> <u>serviettes<\/u><\/a>.<\/p><p>Chacun de ces articles est le fruit d&rsquo;une conception m\u00e9ticuleuse et d&rsquo;une s\u00e9lection rigoureuse des mat\u00e9riaux, garantissant ainsi durabilit\u00e9 et confort.<\/p><p>Nos fabrications sur mesure vous permettent d&rsquo;adapter chaque produit \u00e0 vos go\u00fbts et \u00e0 vos dimensions sp\u00e9cifiques, offrant une personnalisation in\u00e9gal\u00e9e dans l&rsquo;univers du linge de maison.<\/p>\t\t\t\t\t\t\t\t<\/div>\n\t\t\t\t<\/div>\n\t\t\t\t<div class=\"elementor-element elementor-element-7c626d5 elementor-align-left elementor-mobile-align-center elementor-widget__width-inherit elementor-widget elementor-widget-button\" data-id=\"7c626d5\" data-element_type=\"widget\" data-e-type=\"widget\" data-widget_type=\"button.default\">\n\t\t\t\t<div class=\"elementor-widget-container\">\n\t\t\t\t\t\t\t\t\t<div class=\"elementor-button-wrapper\">\n\t\t\t\t\t<a class=\"elementor-button elementor-button-link elementor-size-sm\" href=\"https:\/\/fmtfabric.com\/decoration\/\">\n\t\t\t\t\t\t<span class=\"elementor-button-content-wrapper\">\n\t\t\t\t\t\t\t\t\t<span class=\"elementor-button-text\">D\u00e9couvrir<\/span>\n\t\t\t\t\t<\/span>\n\t\t\t\t\t<\/a>\n\t\t\t\t<\/div>\n\t\t\t\t\t\t\t\t<\/div>\n\t\t\t\t<\/div>\n\t\t\t\t<\/div>\n\t\t<div class=\"elementor-element elementor-element-387b841 e-con-full e-transform e-flex e-con e-child\" data-id=\"387b841\" data-element_type=\"container\" data-e-type=\"container\" data-settings=\"{&quot;background_background&quot;:&quot;classic&quot;,&quot;_transform_skewX_effect&quot;:{&quot;unit&quot;:&quot;px&quot;,&quot;size&quot;:&quot;&quot;,&quot;sizes&quot;:[]},&quot;_transform_skewX_effect_tablet&quot;:{&quot;unit&quot;:&quot;deg&quot;,&quot;size&quot;:&quot;&quot;,&quot;sizes&quot;:[]},&quot;_transform_skewX_effect_mobile&quot;:{&quot;unit&quot;:&quot;deg&quot;,&quot;size&quot;:&quot;&quot;,&quot;sizes&quot;:[]},&quot;_transform_skewY_effect&quot;:{&quot;unit&quot;:&quot;px&quot;,&quot;size&quot;:&quot;&quot;,&quot;sizes&quot;:[]},&quot;_transform_skewY_effect_tablet&quot;:{&quot;unit&quot;:&quot;deg&quot;,&quot;size&quot;:&quot;&quot;,&quot;sizes&quot;:[]},&quot;_transform_skewY_effect_mobile&quot;:{&quot;unit&quot;:&quot;deg&quot;,&quot;size&quot;:&quot;&quot;,&quot;sizes&quot;:[]}}\">\n\t\t\t\t<\/div>\n\t\t\t\t<\/div>\n\t\t\t\t<\/div>\n\t\t<div class=\"elementor-element elementor-element-2f12859 e-con-full e-flex e-con e-parent\" data-id=\"2f12859\" data-element_type=\"container\" data-e-type=\"container\" data-settings=\"{&quot;background_background&quot;:&quot;classic&quot;}\">\n\t\t<div class=\"elementor-element elementor-element-47cf135 e-con-full e-flex e-con e-child\" data-id=\"47cf135\" data-element_type=\"container\" data-e-type=\"container\">\n\t\t<div class=\"elementor-element elementor-element-55cc5b5 e-con-full e-transform e-flex e-con e-child\" data-id=\"55cc5b5\" data-element_type=\"container\" data-e-type=\"container\" data-settings=\"{&quot;background_background&quot;:&quot;classic&quot;,&quot;_transform_skewX_effect&quot;:{&quot;unit&quot;:&quot;px&quot;,&quot;size&quot;:&quot;&quot;,&quot;sizes&quot;:[]},&quot;_transform_skewX_effect_tablet&quot;:{&quot;unit&quot;:&quot;deg&quot;,&quot;size&quot;:&quot;&quot;,&quot;sizes&quot;:[]},&quot;_transform_skewX_effect_mobile&quot;:{&quot;unit&quot;:&quot;deg&quot;,&quot;size&quot;:&quot;&quot;,&quot;sizes&quot;:[]},&quot;_transform_skewY_effect&quot;:{&quot;unit&quot;:&quot;px&quot;,&quot;size&quot;:&quot;&quot;,&quot;sizes&quot;:[]},&quot;_transform_skewY_effect_tablet&quot;:{&quot;unit&quot;:&quot;deg&quot;,&quot;size&quot;:&quot;&quot;,&quot;sizes&quot;:[]},&quot;_transform_skewY_effect_mobile&quot;:{&quot;unit&quot;:&quot;deg&quot;,&quot;size&quot;:&quot;&quot;,&quot;sizes&quot;:[]}}\">\n\t\t\t\t<\/div>\n\t\t<div class=\"elementor-element elementor-element-66156d2 e-con-full e-flex e-con e-child\" data-id=\"66156d2\" data-element_type=\"container\" data-e-type=\"container\">\n\t\t\t\t<div class=\"elementor-element elementor-element-786a766 elementor-widget elementor-widget-heading\" data-id=\"786a766\" data-element_type=\"widget\" data-e-type=\"widget\" data-widget_type=\"heading.default\">\n\t\t\t\t<div class=\"elementor-widget-container\">\n\t\t\t\t\t<h2 class=\"elementor-heading-title elementor-size-default\">Excellence en Plumes et Duvets <\/h2>\t\t\t\t<\/div>\n\t\t\t\t<\/div>\n\t\t\t\t<div class=\"elementor-element elementor-element-95d49b1 elementor-widget elementor-widget-text-editor\" data-id=\"95d49b1\" data-element_type=\"widget\" data-e-type=\"widget\" data-widget_type=\"text-editor.default\">\n\t\t\t\t<div class=\"elementor-widget-container\">\n\t\t\t\t\t\t\t\t\t<p>Nos produits en<span style=\"text-decoration: underline;\"><a href=\"https:\/\/fmtfabric.com\/plumes-duvet\/\"> plumes et duvets<\/a><\/span>, tels que les couettes, oreillers, coussins, et surmatelas, sont con\u00e7us pour offrir un confort optimal et une exp\u00e9rience de sommeil luxueuse.<\/p><p>Utilisant principalement des plumes d&rsquo;oie et de canard, nous veillons \u00e0 ce que chaque article soit non seulement un gage de qualit\u00e9 et de durabilit\u00e9, mais aussi le reflet d&rsquo;une production responsable et \u00e9thique.<\/p>\t\t\t\t\t\t\t\t<\/div>\n\t\t\t\t<\/div>\n\t\t\t\t<div class=\"elementor-element elementor-element-a463894 elementor-align-left elementor-mobile-align-center elementor-widget elementor-widget-button\" data-id=\"a463894\" data-element_type=\"widget\" data-e-type=\"widget\" data-widget_type=\"button.default\">\n\t\t\t\t<div class=\"elementor-widget-container\">\n\t\t\t\t\t\t\t\t\t<div class=\"elementor-button-wrapper\">\n\t\t\t\t\t<a class=\"elementor-button elementor-button-link elementor-size-sm\" href=\"https:\/\/fmtfabric.com\/plumes-duvet\/\">\n\t\t\t\t\t\t<span class=\"elementor-button-content-wrapper\">\n\t\t\t\t\t\t\t\t\t<span class=\"elementor-button-text\">D\u00e9couvrir<\/span>\n\t\t\t\t\t<\/span>\n\t\t\t\t\t<\/a>\n\t\t\t\t<\/div>\n\t\t\t\t\t\t\t\t<\/div>\n\t\t\t\t<\/div>\n\t\t\t\t<\/div>\n\t\t\t\t<\/div>\n\t\t\t\t<\/div>\n\t\t<div class=\"elementor-element elementor-element-484ae9c e-con-full e-flex e-con e-parent\" data-id=\"484ae9c\" data-element_type=\"container\" data-e-type=\"container\" data-settings=\"{&quot;background_background&quot;:&quot;classic&quot;}\">\n\t\t<div class=\"elementor-element elementor-element-ee8dd15 e-con-full e-flex e-con e-child\" data-id=\"ee8dd15\" data-element_type=\"container\" data-e-type=\"container\">\n\t\t<div class=\"elementor-element elementor-element-4e5745d e-con-full e-flex e-con e-child\" data-id=\"4e5745d\" data-element_type=\"container\" data-e-type=\"container\">\n\t\t\t\t<div class=\"elementor-element elementor-element-d0a8e4e elementor-widget elementor-widget-heading\" data-id=\"d0a8e4e\" data-element_type=\"widget\" data-e-type=\"widget\" data-widget_type=\"heading.default\">\n\t\t\t\t<div class=\"elementor-widget-container\">\n\t\t\t\t\t<h2 class=\"elementor-heading-title elementor-size-default\">Mati\u00e8res &amp; tissus : une s\u00e9lection responsable<\/h2>\t\t\t\t<\/div>\n\t\t\t\t<\/div>\n\t\t\t\t<div class=\"elementor-element elementor-element-aed5e26 elementor-widget elementor-widget-text-editor\" data-id=\"aed5e26\" data-element_type=\"widget\" data-e-type=\"widget\" data-widget_type=\"text-editor.default\">\n\t\t\t\t<div class=\"elementor-widget-container\">\n\t\t\t\t\t\t\t\t\t<p>Nous combinons des <span style=\"text-decoration: underline;\"><a href=\"https:\/\/fmtfabric.com\/matieres-et-tissus\/matieres-naturelles\/\">mati\u00e8res naturelles<\/a><\/span> et <span style=\"text-decoration: underline;\"><a href=\"https:\/\/fmtfabric.com\/matieres-et-tissus\/matieres-synthetiques\/\">synth\u00e9tiques<\/a><\/span> pour cr\u00e9er des produits de qualit\u00e9 sup\u00e9rieure, allant des couettes et oreillers aux draps et rideaux.<\/p><p>Nos tissus, choisis pour leur douceur, leur r\u00e9sistance et leur capacit\u00e9 \u00e0 favoriser un sommeil sain, sont trait\u00e9s avec des solutions innovantes telles que PHYTOPURE\u00ae et GREENFIRST\u00ae, garantissant une protection naturelle contre les acariens et contribuant \u00e0 un environnement de sommeil hypoallerg\u00e9nique.<\/p><p>Nous utilisons une vari\u00e9t\u00e9 de garnissages, des plumes douillettes aux fibres synth\u00e9tiques avanc\u00e9es, pour offrir un confort personnalis\u00e9 et adapt\u00e9 \u00e0 chaque besoin. Nos tissus, qu&rsquo;ils soient <span style=\"text-decoration: underline;\"><a href=\"https:\/\/fmtfabric.com\/matieres-et-tissus\/tissus-naturels\/\">naturels<\/a><\/span> comme le coton satine, ou <span style=\"text-decoration: underline;\"><a href=\"https:\/\/fmtfabric.com\/matieres-et-tissus\/tissus-synthetiques\/\">synth\u00e9tiques<\/a><\/span> comme les microfibres, sont s\u00e9lectionn\u00e9s pour leur qualit\u00e9 exceptionnelle et leur conformit\u00e9 aux normes Oeko-Tex Standard 100, assurant s\u00e9curit\u00e9 et bien-\u00eatre pour nos clients.<\/p>\t\t\t\t\t\t\t\t<\/div>\n\t\t\t\t<\/div>\n\t\t\t\t<div class=\"elementor-element elementor-element-24328f7 elementor-align-left elementor-mobile-align-center elementor-widget elementor-widget-button\" data-id=\"24328f7\" data-element_type=\"widget\" data-e-type=\"widget\" data-widget_type=\"button.default\">\n\t\t\t\t<div class=\"elementor-widget-container\">\n\t\t\t\t\t\t\t\t\t<div class=\"elementor-button-wrapper\">\n\t\t\t\t\t<a class=\"elementor-button elementor-button-link elementor-size-sm\" href=\"https:\/\/fmtfabric.com\/matieres-et-tissus\/\">\n\t\t\t\t\t\t<span class=\"elementor-button-content-wrapper\">\n\t\t\t\t\t\t\t\t\t<span class=\"elementor-button-text\">D\u00e9couvrir<\/span>\n\t\t\t\t\t<\/span>\n\t\t\t\t\t<\/a>\n\t\t\t\t<\/div>\n\t\t\t\t\t\t\t\t<\/div>\n\t\t\t\t<\/div>\n\t\t\t\t<\/div>\n\t\t<div class=\"elementor-element elementor-element-e6cae25 e-con-full e-transform e-flex e-con e-child\" data-id=\"e6cae25\" data-element_type=\"container\" data-e-type=\"container\" data-settings=\"{&quot;background_background&quot;:&quot;classic&quot;,&quot;_transform_skewX_effect&quot;:{&quot;unit&quot;:&quot;px&quot;,&quot;size&quot;:&quot;&quot;,&quot;sizes&quot;:[]},&quot;_transform_skewX_effect_tablet&quot;:{&quot;unit&quot;:&quot;deg&quot;,&quot;size&quot;:&quot;&quot;,&quot;sizes&quot;:[]},&quot;_transform_skewX_effect_mobile&quot;:{&quot;unit&quot;:&quot;deg&quot;,&quot;size&quot;:&quot;&quot;,&quot;sizes&quot;:[]},&quot;_transform_skewY_effect&quot;:{&quot;unit&quot;:&quot;px&quot;,&quot;size&quot;:&quot;&quot;,&quot;sizes&quot;:[]},&quot;_transform_skewY_effect_tablet&quot;:{&quot;unit&quot;:&quot;deg&quot;,&quot;size&quot;:&quot;&quot;,&quot;sizes&quot;:[]},&quot;_transform_skewY_effect_mobile&quot;:{&quot;unit&quot;:&quot;deg&quot;,&quot;size&quot;:&quot;&quot;,&quot;sizes&quot;:[]}}\">\n\t\t\t\t<\/div>\n\t\t\t\t<\/div>\n\t\t\t\t<\/div>\n\t\t<div class=\"elementor-element elementor-element-3bb7b1f e-con-full e-flex e-con e-parent\" data-id=\"3bb7b1f\" data-element_type=\"container\" data-e-type=\"container\">\n\t\t\t\t<div class=\"elementor-element elementor-element-63db323 elementor-align-right elementor-widget__width-inherit elementor-widget elementor-widget-button\" data-id=\"63db323\" data-element_type=\"widget\" data-e-type=\"widget\" data-widget_type=\"button.default\">\n\t\t\t\t<div class=\"elementor-widget-container\">\n\t\t\t\t\t\t\t\t\t<div class=\"elementor-button-wrapper\">\n\t\t\t\t\t<a class=\"elementor-button elementor-button-link elementor-size-sm\" href=\"https:\/\/fmtfabric.com\/services\/\">\n\t\t\t\t\t\t<span class=\"elementor-button-content-wrapper\">\n\t\t\t\t\t\t<span class=\"elementor-button-icon\">\n\t\t\t\t<svg aria-hidden=\"true\" class=\"e-font-icon-svg e-fas-long-arrow-alt-right\" viewBox=\"0 0 448 512\" xmlns=\"http:\/\/www.w3.org\/2000\/svg\"><path d=\"M313.941 216H12c-6.627 0-12 5.373-12 12v56c0 6.627 5.373 12 12 12h301.941v46.059c0 21.382 25.851 32.09 40.971 16.971l86.059-86.059c9.373-9.373 9.373-24.569 0-33.941l-86.059-86.059c-15.119-15.119-40.971-4.411-40.971 16.971V216z\"><\/path><\/svg>\t\t\t<\/span>\n\t\t\t\t\t\t\t\t\t<span class=\"elementor-button-text\">D\u00e9couvrir nos services<\/span>\n\t\t\t\t\t<\/span>\n\t\t\t\t\t<\/a>\n\t\t\t\t<\/div>\n\t\t\t\t\t\t\t\t<\/div>\n\t\t\t\t<\/div>\n\t\t\t\t<\/div>\n\t\t<div class=\"elementor-element elementor-element-29d5086 e-flex e-con-boxed e-con e-parent\" data-id=\"29d5086\" data-element_type=\"container\" data-e-type=\"container\" data-settings=\"{&quot;background_background&quot;:&quot;classic&quot;}\">\n\t\t\t\t\t<div class=\"e-con-inner\">\n\t\t\t\t<div class=\"elementor-element elementor-element-e08d275 elementor-widget elementor-widget-heading\" data-id=\"e08d275\" data-element_type=\"widget\" data-e-type=\"widget\" data-widget_type=\"heading.default\">\n\t\t\t\t<div class=\"elementor-widget-container\">\n\t\t\t\t\t<h2 class=\"elementor-heading-title elementor-size-default\">Votre Expert en Literie &amp; Linge de Maison Sur-Mesure<\/h2>\t\t\t\t<\/div>\n\t\t\t\t<\/div>\n\t\t\t\t<div class=\"elementor-element elementor-element-ccc3c16 elementor-widget elementor-widget-text-editor\" data-id=\"ccc3c16\" data-element_type=\"widget\" data-e-type=\"widget\" data-widget_type=\"text-editor.default\">\n\t\t\t\t<div class=\"elementor-widget-container\">\n\t\t\t\t\t\t\t\t\t<p>Chez <a href=\"https:\/\/fmtfabric.com\/\">FMT Fabric<\/a>, notre passion pour l&rsquo;excellence se traduit par une offre compl\u00e8te et personnalis\u00e9e de literie et de linge de maison, alliant savoir-faire traditionnel et innovations technologiques.<\/p>\n<p>De la s\u00e9lection minutieuse de nos mati\u00e8res et tissus, \u00e0 la cr\u00e9ation de produits sur-mesure adapt\u00e9s \u00e0 vos besoins sp\u00e9cifiques, notre engagement est de vous fournir une qualit\u00e9 in\u00e9gal\u00e9e et un confort sup\u00e9rieur.&nbsp;<\/p>\n<p><strong><a href=\"https:\/\/fmtfabric.com\/identite\/\"><u>D\u00e9couvrez notre univers<\/u><\/a> et faites confiance en nos experts.<\/strong><\/p>\t\t\t\t\t\t\t\t<\/div>\n\t\t\t\t<\/div>\n\t\t\t\t<div class=\"elementor-element elementor-element-da87bec elementor-align-center elementor-widget elementor-widget-button\" data-id=\"da87bec\" data-element_type=\"widget\" data-e-type=\"widget\" data-widget_type=\"button.default\">\n\t\t\t\t<div class=\"elementor-widget-container\">\n\t\t\t\t\t\t\t\t\t<div class=\"elementor-button-wrapper\">\n\t\t\t\t\t<a class=\"elementor-button elementor-button-link elementor-size-sm\" href=\"https:\/\/fmtfabric.com\/nous-contacter\/\" target=\"_blank\">\n\t\t\t\t\t\t<span class=\"elementor-button-content-wrapper\">\n\t\t\t\t\t\t\t\t\t<span class=\"elementor-button-text\">Nous contacter<\/span>\n\t\t\t\t\t<\/span>\n\t\t\t\t\t<\/a>\n\t\t\t\t<\/div>\n\t\t\t\t\t\t\t\t<\/div>\n\t\t\t\t<\/div>\n\t\t\t\t\t<\/div>\n\t\t\t\t<\/div>\n\t\t\t\t<\/div>\n\t\t","protected":false},"excerpt":{"rendered":"<p>Contact Expertise compl\u00e8te en fabrication de literie et linge de maison Savoir-faire en Literie Notre gamme compl\u00e8te de produits inclut des oreillers, des couettes et des surmatelas, disponibles en versions naturelles et synth\u00e9tiques pour r\u00e9pondre \u00e0 toutes les pr\u00e9f\u00e9rences. Les oreillers naturels et synth\u00e9tiques de FMT Fabric sont con\u00e7us pour offrir un soutien et un [&hellip;]<\/p>\n","protected":false},"author":1,"featured_media":0,"parent":0,"menu_order":0,"comment_status":"closed","ping_status":"closed","template":"elementor_header_footer","meta":{"footnotes":""},"class_list":["post-74","page","type-page","status-publish","hentry"],"_links":{"self":[{"href":"https:\/\/fmtfabric.com\/fr\/wp-json\/wp\/v2\/pages\/74","targetHints":{"allow":["GET"]}}],"collection":[{"href":"https:\/\/fmtfabric.com\/fr\/wp-json\/wp\/v2\/pages"}],"about":[{"href":"https:\/\/fmtfabric.com\/fr\/wp-json\/wp\/v2\/types\/page"}],"author":[{"embeddable":true,"href":"https:\/\/fmtfabric.com\/fr\/wp-json\/wp\/v2\/users\/1"}],"replies":[{"embeddable":true,"href":"https:\/\/fmtfabric.com\/fr\/wp-json\/wp\/v2\/comments?post=74"}],"version-history":[{"count":82,"href":"https:\/\/fmtfabric.com\/fr\/wp-json\/wp\/v2\/pages\/74\/revisions"}],"predecessor-version":[{"id":2325,"href":"https:\/\/fmtfabric.com\/fr\/wp-json\/wp\/v2\/pages\/74\/revisions\/2325"}],"wp:attachment":[{"href":"https:\/\/fmtfabric.com\/fr\/wp-json\/wp\/v2\/media?parent=74"}],"curies":[{"name":"wp","href":"https:\/\/api.w.org\/{rel}","templated":true}]}}